{"id":249,"date":"2017-10-02T12:39:12","date_gmt":"2017-10-02T10:39:12","guid":{"rendered":"https:\/\/kovacsgyorgy.eu\/?page_id=249"},"modified":"2018-05-20T14:42:08","modified_gmt":"2018-05-20T12:42:08","slug":"kozszereples","status":"publish","type":"page","link":"https:\/\/kovacsgyorgy.eu\/?page_id=249","title":{"rendered":"K\u00f6zszerepl\u00e9s"},"content":{"rendered":"<p><\/p>\n<ul>\n<li><a href=\"https:\/\/youtu.be\/dDP36tjzDJc\" target=\"_blank\" rel=\"noopener\"><em>\u00c1llatkerti \u00f6r\u00f6kbefogad\u00e1s: a Friderikusz-show-ban 1992-ben<\/em><\/a><\/li>\n<\/ul>\n<p><iframe loading=\"lazy\"  id=\"_ytid_42859\"  width=\"750\" height=\"563\"  data-origwidth=\"750\" data-origheight=\"563\"  data-relstop=\"1\" src=\"https:\/\/www.youtube.com\/embed\/dDP36tjzDJc?enablejsapi=1&#038;autoplay=0&#038;cc_load_policy=0&#038;cc_lang_pref=&#038;iv_load_policy=1&#038;loop=0&#038;rel=0&#038;fs=1&#038;playsinline=0&#038;autohide=2&#038;theme=dark&#038;color=red&#038;controls=1&#038;disablekb=0&#038;\" class=\"__youtube_prefs__  epyt-is-override  no-lazyload\" title=\"YouTube player\"  allow=\"fullscreen; accelerometer; autoplay; clipboard-write; encrypted-media; gyroscope; picture-in-picture; web-share\" referrerpolicy=\"strict-origin-when-cross-origin\" allowfullscreen data-no-lazy=\"1\" data-skipgform_ajax_framebjll=\"\"><\/iframe><\/p>\n<h4><\/h4>\n<ul>\n<li><a href=\"https:\/\/youtu.be\/9kuB_YP6Z9M\" target=\"_blank\" rel=\"noopener\"><em>Interj\u00fa a Duna TV-ben (Ill\u00e9s Zolt\u00e1nnal) 2004-ben<\/em><\/a><\/li>\n<\/ul>\n<p><iframe loading=\"lazy\"  id=\"_ytid_59869\"  width=\"750\" height=\"563\"  data-origwidth=\"750\" data-origheight=\"563\"  data-relstop=\"1\" src=\"https:\/\/www.youtube.com\/embed\/9kuB_YP6Z9M?enablejsapi=1&#038;autoplay=0&#038;cc_load_policy=0&#038;cc_lang_pref=&#038;iv_load_policy=1&#038;loop=0&#038;rel=0&#038;fs=1&#038;playsinline=0&#038;autohide=2&#038;theme=dark&#038;color=red&#038;controls=1&#038;disablekb=0&#038;\" class=\"__youtube_prefs__  epyt-is-override  no-lazyload\" title=\"YouTube player\"  allow=\"fullscreen; accelerometer; autoplay; clipboard-write; encrypted-media; gyroscope; picture-in-picture; web-share\" referrerpolicy=\"strict-origin-when-cross-origin\" allowfullscreen data-no-lazy=\"1\" data-skipgform_ajax_framebjll=\"\"><\/iframe><\/p>\n<h4><\/h4>\n<ul>\n<li><a href=\"https:\/\/youtu.be\/zpU4-lMqlXU\" target=\"_blank\" rel=\"noopener\"><em>Megh\u00edvott vend\u00e9g a H\u00edrTV-ben (Droppa Gy\u00f6rggyel) 2004-ben<\/em><\/a><\/li>\n<\/ul>\n<p><iframe loading=\"lazy\"  id=\"_ytid_24167\"  width=\"750\" height=\"563\"  data-origwidth=\"750\" data-origheight=\"563\"  data-relstop=\"1\" src=\"https:\/\/www.youtube.com\/embed\/zpU4-lMqlXU?enablejsapi=1&#038;autoplay=0&#038;cc_load_policy=0&#038;cc_lang_pref=&#038;iv_load_policy=1&#038;loop=0&#038;rel=0&#038;fs=1&#038;playsinline=0&#038;autohide=2&#038;theme=dark&#038;color=red&#038;controls=1&#038;disablekb=0&#038;\" class=\"__youtube_prefs__  epyt-is-override  no-lazyload\" title=\"YouTube player\"  allow=\"fullscreen; accelerometer; autoplay; clipboard-write; encrypted-media; gyroscope; picture-in-picture; web-share\" referrerpolicy=\"strict-origin-when-cross-origin\" allowfullscreen data-no-lazy=\"1\" data-skipgform_ajax_framebjll=\"\"><\/iframe><\/p>\n<h4><\/h4>\n<ul>\n<li><a href=\"https:\/\/youtu.be\/3H7MoSOdAKs\" target=\"_blank\" rel=\"noopener\"><em>Interj\u00fa az ATV-ben 2008-ban<\/em><\/a><\/li>\n<\/ul>\n<p><iframe loading=\"lazy\"  id=\"_ytid_53313\"  width=\"750\" height=\"563\"  data-origwidth=\"750\" data-origheight=\"563\"  data-relstop=\"1\" src=\"https:\/\/www.youtube.com\/embed\/3H7MoSOdAKs?enablejsapi=1&#038;autoplay=0&#038;cc_load_policy=0&#038;cc_lang_pref=&#038;iv_load_policy=1&#038;loop=0&#038;rel=0&#038;fs=1&#038;playsinline=0&#038;autohide=2&#038;theme=dark&#038;color=red&#038;controls=1&#038;disablekb=0&#038;\" class=\"__youtube_prefs__  epyt-is-override  no-lazyload\" title=\"YouTube player\"  allow=\"fullscreen; accelerometer; autoplay; clipboard-write; encrypted-media; gyroscope; picture-in-picture; web-share\" referrerpolicy=\"strict-origin-when-cross-origin\" allowfullscreen data-no-lazy=\"1\" data-skipgform_ajax_framebjll=\"\"><\/iframe><\/p>\n<h4><\/h4>\n<ul>\n<li><em><a href=\"https:\/\/youtu.be\/iRobE9E9osY\" target=\"_blank\" rel=\"noopener\">M1 Este m\u0171sor\u00e1ban 2008-ban<\/a><\/em><\/li>\n<\/ul>\n<p><iframe loading=\"lazy\"  id=\"_ytid_84662\"  width=\"750\" height=\"563\"  data-origwidth=\"750\" data-origheight=\"563\"  data-relstop=\"1\" src=\"https:\/\/www.youtube.com\/embed\/iRobE9E9osY?enablejsapi=1&#038;autoplay=0&#038;cc_load_policy=0&#038;cc_lang_pref=&#038;iv_load_policy=1&#038;loop=0&#038;rel=0&#038;fs=1&#038;playsinline=0&#038;autohide=2&#038;theme=dark&#038;color=red&#038;controls=1&#038;disablekb=0&#038;\" class=\"__youtube_prefs__  epyt-is-override  no-lazyload\" title=\"YouTube player\"  allow=\"fullscreen; accelerometer; autoplay; clipboard-write; encrypted-media; gyroscope; picture-in-picture; web-share\" referrerpolicy=\"strict-origin-when-cross-origin\" allowfullscreen data-no-lazy=\"1\" data-skipgform_ajax_framebjll=\"\"><\/iframe><\/p>\n<h4><\/h4>\n<ul>\n<li><em><a href=\"https:\/\/youtu.be\/z6gBq5CjwvM\" target=\"_blank\" rel=\"noopener\">Interj\u00fa az M1 Este m\u0171sor\u00e1ban 2009-ben<\/a><\/em><\/li>\n<\/ul>\n<p><iframe loading=\"lazy\"  id=\"_ytid_66250\"  width=\"750\" height=\"563\"  data-origwidth=\"750\" data-origheight=\"563\"  data-relstop=\"1\" src=\"https:\/\/www.youtube.com\/embed\/z6gBq5CjwvM?enablejsapi=1&#038;autoplay=0&#038;cc_load_policy=0&#038;cc_lang_pref=&#038;iv_load_policy=1&#038;loop=0&#038;rel=0&#038;fs=1&#038;playsinline=0&#038;autohide=2&#038;theme=dark&#038;color=red&#038;controls=1&#038;disablekb=0&#038;\" class=\"__youtube_prefs__  epyt-is-override  no-lazyload\" title=\"YouTube player\"  allow=\"fullscreen; accelerometer; autoplay; clipboard-write; encrypted-media; gyroscope; picture-in-picture; web-share\" referrerpolicy=\"strict-origin-when-cross-origin\" allowfullscreen data-no-lazy=\"1\" data-skipgform_ajax_framebjll=\"\"><\/iframe><\/p>\n<h4><\/h4>\n<p><\/p>","protected":false},"excerpt":{"rendered":"<p>\u00c1llatkerti \u00f6r\u00f6kbefogad\u00e1s: a Friderikusz-show-ban 1992-ben Interj\u00fa a Duna TV-ben (Ill\u00e9s Zolt\u00e1nnal) 2004-ben Megh\u00edvott vend\u00e9g a H\u00edrTV-ben (Droppa Gy\u00f6rggyel) 2004-ben Interj\u00fa az ATV-ben 2008-ban M1 Este m\u0171sor\u00e1ban 2008-ban Interj\u00fa az M1 Este m\u0171sor\u00e1ban 2009-ben<\/p>\n","protected":false},"author":1,"featured_media":0,"parent":0,"menu_order":0,"comment_status":"closed","ping_status":"closed","template":"","meta":{"footnotes":""},"class_list":["post-249","page","type-page","status-publish","hentry","entry"],"_links":{"self":[{"href":"https:\/\/kovacsgyorgy.eu\/index.php?rest_route=\/wp\/v2\/pages\/249","targetHints":{"allow":["GET"]}}],"collection":[{"href":"https:\/\/kovacsgyorgy.eu\/index.php?rest_route=\/wp\/v2\/pages"}],"about":[{"href":"https:\/\/kovacsgyorgy.eu\/index.php?rest_route=\/wp\/v2\/types\/page"}],"author":[{"embeddable":true,"href":"https:\/\/kovacsgyorgy.eu\/index.php?rest_route=\/wp\/v2\/users\/1"}],"replies":[{"embeddable":true,"href":"https:\/\/kovacsgyorgy.eu\/index.php?rest_route=%2Fwp%2Fv2%2Fcomments&post=249"}],"version-history":[{"count":47,"href":"https:\/\/kovacsgyorgy.eu\/index.php?rest_route=\/wp\/v2\/pages\/249\/revisions"}],"predecessor-version":[{"id":754,"href":"https:\/\/kovacsgyorgy.eu\/index.php?rest_route=\/wp\/v2\/pages\/249\/revisions\/754"}],"wp:attachment":[{"href":"https:\/\/kovacsgyorgy.eu\/index.php?rest_route=%2Fwp%2Fv2%2Fmedia&parent=249"}],"curies":[{"name":"wp","href":"https:\/\/api.w.org\/{rel}","templated":true}]}}