{"id":2,"date":"2017-08-29T19:06:34","date_gmt":"2017-08-29T19:06:34","guid":{"rendered":"https:\/\/kovacsgyorgy.eu\/?page_id=2"},"modified":"2025-01-12T20:55:53","modified_gmt":"2025-01-12T19:55:53","slug":"sample-page","status":"publish","type":"page","link":"https:\/\/kovacsgyorgy.eu\/","title":{"rendered":"\u00c9let\u00fat"},"content":{"rendered":"<p>Budapesten sz\u00fcletett 1951. \u00e1prilis 17-\u00e9n. \u00c9desanyja Sz\u00e9kelyudvarhely, \u00e9desapja Mosonmagyar\u00f3v\u00e1r k\u00f6rny\u00e9k\u00e9r\u0151l sz\u00e1rmazik. A budapesti Szent Istv\u00e1n Gimn\u00e1ziumban, majd a G\u00f6d\u00f6ll\u0151i Egyetem Mez\u0151gazdas\u00e1gtudom\u00e1nyi kar\u00e1n (ma Magyar Agr\u00e1r- \u00e9s \u00c9lettudom\u00e1nyi Egyetem, MATE) tanult. Tudom\u00e1nyos p\u00e1ly\u00e1ja is ez ut\u00f3bbi int\u00e9zm\u00e9nyhez k\u00f6t\u0151dik: el\u0151sz\u00f6r a karotinoidok \u00e9s A-vitamin metabolizmus\u00e1val, majd t\u00f6bb mint egy \u00e9vtizeden \u00e1t vadon \u00e9l\u0151 \u00e1llatok (mindenek el\u0151tt a mezeiny\u00fal) popul\u00e1ci\u00f3\u00f6kol\u00f3gi\u00e1val foglakozik. Ennek a korszaknak az eredm\u00e9nyei a <a href=\"https:\/\/kovacsgyorgy.eu\/wp-content\/uploads\/2017\/10\/Kandi_10.-m\u00e1solat.pdf\" target=\"_blank\" rel=\"noopener\"><u>kandid\u00e1tusi \u00e9rtekez\u00e9s\u00e9ben<\/u><\/a> \u00f6sszegez\u0151dnek, mindemellett \u2013 els\u0151 szerz\u0151k\u00e9nt &#8211; egy n\u00e9pszer\u0171s\u00edt\u0151 tudom\u00e1nyos k\u00f6nyvet is publik\u00e1lt (Kov\u00e1cs Gy\u00f6rgy-Heltay Istv\u00e1n: A mezeiny\u00fal: \u00f6kol\u00f3gia, gazd\u00e1lkod\u00e1s, vad\u00e1szat, 1985). Ebben az id\u0151szakban els\u0151k\u00e9nt haszn\u00e1lta a r\u00e1di\u00f3-telemetria eszk\u00f6z\u00e9t vadon \u00e9l\u0151 \u00e1llatok (\u0151z, mezeiny\u00fal) mozg\u00e1s\u00e1nak k\u00f6vet\u00e9s\u00e9re Magyarorsz\u00e1gon. Kidolgozott egy <em>post mortem<\/em> kormeghat\u00e1roz\u00e1si (csontsz\u00f6vettani vizsg\u00e1lat) \u00e9s egy term\u00e9kenys\u00e9g-becsl\u00e9si (placenta-hegek vizsg\u00e1lata) elj\u00e1r\u00e1st, amely becsl\u00e9si technik\u00e1knak a megb\u00edzhat\u00f3s\u00e1g\u00e1t is tesztelte. Fel\u00e1ll\u00edtott egy hasznos\u00edt\u00e1si modellt a Maxim\u00e1lis Fenntarthat\u00f3 Hozam (Maximum Sustainable Yield, MSY) elv\u00e9re alapozva.\u00a0Egy orsz\u00e1gos kiterjed\u00e9s\u0171 vizsg\u00e1lat vezet\u0151je volt 1989 \u00e9s 1995 k\u00f6z\u00f6tt a magyarorsz\u00e1gi nagyvad popul\u00e1ci\u00f3k l\u00e9tsz\u00e1m\u00e1nak l\u00e9gi becsl\u00e9s\u00e9re. A t\u00e9m\u00e1val kapcsolatban egy k\u00f6nyvet is megjelentetett szerz\u0151t\u00e1rs\u00e1val (Demeter Andr\u00e1s-Kov\u00e1cs Gy\u00f6rgy: \u00c1llatpopul\u00e1ci\u00f3k s\u0171r\u0171s\u00e9g\u00e9nek \u00e9s nagys\u00e1g\u00e1nak becsl\u00e9se, Akad\u00e9miai Kiad\u00f3, 1991).<\/p>\n<p>A F\u0151v\u00e1rosi \u00c1llat-\u00e9s N\u00f6v\u00e9nykert f\u0151igazgat\u00f3 helyettese 1990-1994 k\u00f6z\u00f6tt. Nev\u00e9hez f\u0171z\u0151dik a Budapesti \u00c1llatkert integr\u00e1l\u00e1sa az eur\u00f3pai \u00e1llatkertek sz\u00f6vets\u00e9g\u00e9be (EAZA), valamint a vil\u00e1g \u00e1llatkertjeinek glob\u00e1lis teny\u00e9szprogram-rendszer\u00e9be (International Species Information System, ISIS). Kezdem\u00e9nyez\u00e9s\u00e9re elindul az \u00e1llatok \u201c\u00f6r\u00f6kbefogad\u00e1sa\u201d a Budapesti \u00c1llatkertben, ami az\u00f3ta is nagy n\u00e9pszer\u0171s\u00e9gnek \u00f6rvend. Konkr\u00e9t elk\u00e9pzel\u00e9se volt az akkor m\u00e9g nagyon elmaradott int\u00e9zm\u00e9ny korszer\u0171s\u00edt\u00e9s\u00e9re (\u201e\u00c1llatkert r\u00e1csok n\u00e9lk\u00fcl\u201d program), de annak megval\u00f3s\u00edt\u00e1s\u00e1ra a F\u0151v\u00e1rosi \u00d6nkorm\u00e1nyzatt\u00f3l nem \u0150 kapta meg a lehet\u0151s\u00e9get 1993-ban.<\/p>\n<p>A B\u0151s-Nagymarosi \u00fcgy jelenti szakmai p\u00e1ly\u00e1j\u00e1nak harmadik szakasz\u00e1t: 1994 okt\u00f3ber\u00e9t\u0151l vezet\u0151 tudom\u00e1nyos koordin\u00e1tork\u00e9nt vett r\u00e9szt az 1993-ban a h\u00e1gai Nemzetk\u00f6zi B\u00edr\u00f3s\u00e1g el\u00e9 ker\u00fclt jogvita tudom\u00e1nyos h\u00e1tt\u00e9ranyagainak el\u0151k\u00e9sz\u00edt\u00e9s\u00e9ben. Szakmai szervez\u0151je volt a Nemzetk\u00f6zi B\u00edr\u00f3s\u00e1g magyarorsz\u00e1gi helysz\u00edni l\u00e1togat\u00e1s\u00e1nak 1997 tavasz\u00e1n. A B\u00edr\u00f3s\u00e1g d\u00f6nt\u00e9se ut\u00e1n (1997. szeptember 25.) a nyilv\u00e1nosan is szerepet kapott k\u00fcl\u00f6nutas t\u00e1rgyal\u00e1sokban (Nemcs\u00f3k J\u00e1nos vezet\u00e9se alatt) nem vett r\u00e9szt, de 1998-t\u00f3l tov\u00e1bbra is szak\u00e9rt\u0151k\u00e9nt seg\u00edti az akkori korm\u00e1nybiztos (Dr.Sz\u00e9kely L\u00e1szl\u00f3) \u00e9s csapata munk\u00e1j\u00e1t 2002-ig. Egy \u00fajabb korm\u00e1nyv\u00e1lt\u00e1st k\u00f6vet\u0151en, 2004-ben felk\u00e9r\u00e9st kapott az akkor megalakult B\u0151s-Nagymarosi T\u00e1rcak\u00f6zi Bizotts\u00e1g irod\u00e1j\u00e1nak vezet\u00e9s\u00e9re. Ebben az id\u0151szakban &#8211; 2004 tavasza \u00e9s 2010 tavasza k\u00f6z\u00f6tt \u2013 a Bizotts\u00e1g titk\u00e1rak\u00e9nt tagja a korm\u00e1nyk\u00fcld\u00f6tts\u00e9gnek, magyar-oldali vezet\u0151je egy szakmai munkacsoportnak, valamint 2007-t\u0151l eln\u00f6ke a magyar-szlov\u00e1k k\u00f6z\u00f6s Strat\u00e9giai K\u00f6rnyezeti Vizsg\u00e1lat (SEA) magyar oldali Ir\u00e1ny\u00edt\u00f3 Test\u00fclet\u00e9nek. Vezet\u00e9se alatt k\u00e9sz\u00edtette el egy nemzetk\u00f6zi munkacsoport azokat a magyar-oldali tanulm\u00e1nyokat, amelyekben a felek kor\u00e1bban megegyeztek (a szlov\u00e1k munkacsoport \u2013 financi\u00e1lis okokra hivatkozva \u2013 bejelentette, hogy a saj\u00e1t r\u00e9sz\u00e9r\u0151l a tanulm\u00e1nyokat nem tudja elk\u00e9sz\u00edteni), egyebek mellett egy r\u00e9szletes, tudom\u00e1nyos alaposs\u00e1ggal elk\u00e9sz\u00edtett elemz\u00e9st a szigetk\u00f6zi rehabilit\u00e1ci\u00f3 lehets\u00e9ges met\u00f3dusair\u00f3l (<a href=\"https:\/\/www.dropbox.com\/s\/o9g89r4m8o4xu13\/FesaibilityStudySzigetkoz%20m%C3%A1solat.pdf?dl=0\"><em>Feasibility Study:The Rehabilitation of the Szigetk\u00f6z Reach of the Danube, February, 2010<\/em><\/a>). A tanulm\u00e1ny \u2013 nem korm\u00e1nyjavaslatk\u00e9nt, hanem munkacsoporti munkaanyagk\u00e9nt &#8211; \u00e1tad\u00e1sra ker\u00fclt a szlov\u00e1k Ir\u00e1ny\u00edt\u00f3 Test\u00fclet eln\u00f6k\u00e9nek elektronikus (!) form\u00e1ban. Az anyag \u00e1tad\u00e1s\u00e1t k\u00f6vet\u0151 napon \u2013 a N\u00e9pszabads\u00e1gban megjelent, minden t\u00e9nyszer\u0171 alapot n\u00e9lk\u00fcl\u00f6z\u0151 cikk nyom\u00e1n &#8211; az akkori k\u00f6rnyezetv\u00e9delmi-\u00e9s v\u00edz\u00fcgyi miniszter (Szab\u00f3 Imre) vizsg\u00e1latot rendelt el, s \u2013 a saj\u00e1t miniszteri poz\u00edci\u00f3j\u00e1t mentend\u0151 \u2013 a m\u00e1ig ismeretlen kezdem\u00e9nyez\u0151k oldal\u00e1ra \u00e1llt, s ezzel ker\u00e9kbe t\u00f6rte a folyamatban l\u00e9v\u0151 magyar kezdem\u00e9nyez\u00e9st, ami az akkor kedvez\u0151nek mondhat\u00f3 magyar poz\u00edci\u00f3t ism\u00e9t visszavetette. Ezen esem\u00e9nnyel kapcsolatos rehabilit\u00e1ci\u00f3ra csak 2016 tavasz\u00e1n ker\u00fclt sor, amikor <a href=\"https:\/\/kovacsgyorgy.eu\/wp-content\/uploads\/2017\/10\/Trocsanyi_Kovacs-m\u00e1solat.pdf\">Tr\u00f3cs\u00e1nyi L\u00e1szl\u00f3 igazs\u00e1g\u00fcgyi miniszter lev\u00e9lben k\u00e9rt eln\u00e9z\u00e9st <\/a>Dr. Kov\u00e1cs Gy\u00f6rgyt\u0151l a hat \u00e9vvel azel\u0151tt t\u00f6rt\u00e9nt esem\u00e9nyek miatt, hangs\u00falyozva azt, hogy a fent eml\u00edtett tanulm\u00e1ny akkor is a t\u00e1rgyal\u00e1sok meghat\u00e1roz\u00f3 szakmai dokumentuma volt.<\/p>\n<p>&nbsp;<\/p>","protected":false},"excerpt":{"rendered":"<p>Budapesten sz\u00fcletett 1951. \u00e1prilis 17-\u00e9n. \u00c9desanyja Sz\u00e9kelyudvarhely, \u00e9desapja Mosonmagyar\u00f3v\u00e1r k\u00f6rny\u00e9k\u00e9r\u0151l sz\u00e1rmazik. A budapesti Szent Istv\u00e1n Gimn\u00e1ziumban, majd a G\u00f6d\u00f6ll\u0151i Egyetem Mez\u0151gazdas\u00e1gtudom\u00e1nyi kar\u00e1n (ma Magyar Agr\u00e1r- \u00e9s \u00c9lettudom\u00e1nyi Egyetem, MATE) tanult. Tudom\u00e1nyos p\u00e1ly\u00e1ja is ez ut\u00f3bbi int\u00e9zm\u00e9nyhez k\u00f6t\u0151dik: el\u0151sz\u00f6r a karotinoidok \u00e9s A-vitamin metabolizmus\u00e1val, majd t\u00f6bb mint egy \u00e9vtizeden \u00e1t vadon \u00e9l\u0151 \u00e1llatok (mindenek el\u0151tt a&hellip; <a class=\"more-link\" href=\"https:\/\/kovacsgyorgy.eu\/\"><span class=\"screen-reader-text\">\u00c9let\u00fat<\/span> olvas\u00e1s\u00e1nak folytat\u00e1sa<\/a><\/p>\n","protected":false},"author":1,"featured_media":0,"parent":0,"menu_order":0,"comment_status":"closed","ping_status":"open","template":"","meta":{"footnotes":""},"class_list":["post-2","page","type-page","status-publish","hentry","entry"],"_links":{"self":[{"href":"https:\/\/kovacsgyorgy.eu\/index.php?rest_route=\/wp\/v2\/pages\/2","targetHints":{"allow":["GET"]}}],"collection":[{"href":"https:\/\/kovacsgyorgy.eu\/index.php?rest_route=\/wp\/v2\/pages"}],"about":[{"href":"https:\/\/kovacsgyorgy.eu\/index.php?rest_route=\/wp\/v2\/types\/page"}],"author":[{"embeddable":true,"href":"https:\/\/kovacsgyorgy.eu\/index.php?rest_route=\/wp\/v2\/users\/1"}],"replies":[{"embeddable":true,"href":"https:\/\/kovacsgyorgy.eu\/index.php?rest_route=%2Fwp%2Fv2%2Fcomments&post=2"}],"version-history":[{"count":46,"href":"https:\/\/kovacsgyorgy.eu\/index.php?rest_route=\/wp\/v2\/pages\/2\/revisions"}],"predecessor-version":[{"id":816,"href":"https:\/\/kovacsgyorgy.eu\/index.php?rest_route=\/wp\/v2\/pages\/2\/revisions\/816"}],"wp:attachment":[{"href":"https:\/\/kovacsgyorgy.eu\/index.php?rest_route=%2Fwp%2Fv2%2Fmedia&parent=2"}],"curies":[{"name":"wp","href":"https:\/\/api.w.org\/{rel}","templated":true}]}}