{"id":167,"date":"2017-09-29T01:01:00","date_gmt":"2017-09-28T23:01:00","guid":{"rendered":"https:\/\/kovacsgyorgy.eu\/?page_id=167"},"modified":"2017-11-09T00:11:46","modified_gmt":"2017-11-08T22:11:46","slug":"bos-nagymaros","status":"publish","type":"page","link":"https:\/\/kovacsgyorgy.eu\/?page_id=167","title":{"rendered":"B\u0151s-Nagymaros"},"content":{"rendered":"<p><\/p>\n<p style=\"text-align: left;\">Al\u00e1bb tal\u00e1lhat\u00f3 egy 2003-ban k\u00e9sz\u00edtett \u00e1ttekint\u0151 elemz\u00e9s a B\u0151s-nagymarosi jogvita 1998 nyara \u00e9s 2002 tavasza k\u00f6z\u00f6tti id\u0151szak k\u00e9toldal\u00fa t\u00e1rgyal\u00e1sair\u00f3l \u00e9s az azok nyom\u00e1n kialakult helyzetr\u0151l<\/p>\n<p><a href=\"https:\/\/kovacsgyorgy.eu\/wp-content\/uploads\/2017\/10\/Negotiation_final-m\u00e1solat.pdf\" target=\"_blank\" rel=\"noopener\">B\u0151s-Nagymarosi t\u00e1rgyal\u00e1sok 1998-2002<\/a><\/p>\n<p><img loading=\"lazy\" decoding=\"async\" class=\"alignleft wp-image-581\" src=\"https:\/\/kovacsgyorgy.eu\/wp-content\/uploads\/2017\/10\/LivingRiver_borito.jpg\" alt=\"\" width=\"72\" height=\"108\" srcset=\"https:\/\/kovacsgyorgy.eu\/wp-content\/uploads\/2017\/10\/LivingRiver_borito.jpg 2298w, https:\/\/kovacsgyorgy.eu\/wp-content\/uploads\/2017\/10\/LivingRiver_borito-200x300.jpg 200w, https:\/\/kovacsgyorgy.eu\/wp-content\/uploads\/2017\/10\/LivingRiver_borito-768x1150.jpg 768w, https:\/\/kovacsgyorgy.eu\/wp-content\/uploads\/2017\/10\/LivingRiver_borito-684x1024.jpg 684w\" sizes=\"auto, (max-width: 72px) 100vw, 72px\" \/>Egy 2000 janu\u00e1rj\u00e1ban szervezett konferencia [Gy\u00f6rgy Kov\u00e1cs (Ed.): Proceedings of the International Symposium for Living Rivers: River Rehabilitation of International Waterways., 21st January 2000 \u2013 Budapest. Organised by the Prime Minister\u2019s Office and the Ministry of Foreign Affairs of the Republic of Hungary] k\u00f6nyvk\u00e9nt megjelent anyaga <a href=\"https:\/\/kovacsgyorgy.eu\/wp-content\/uploads\/2017\/10\/Proccedings_living_rivers-m\u00e1solat.pdf\" target=\"_blank\" rel=\"noopener\">itt<\/a> \u00e9rhet\u0151 el.<\/p>\n<p>A B\u00e9cs alatti Duna szakaszon tal\u00e1lhat\u00f3 mell\u00e9k\u00e1grendszer egy r\u00e9sze ma nemzeti park (Nationalpark Dunauen). Az ott elv\u00e9gzett t\u00e1jrestaur\u00e1ci\u00f3s munk\u00e1k j\u00f3 p\u00e9ld\u00e1val szolg\u00e1lhatnak a szigetk\u00f6zi \u00e1grendszer rehabilit\u00e1ci\u00f3j\u00e1hoz nemcsak a megold\u00e1sok, hanem a folyam f\u00f6ldrajzi folytonoss\u00e1ga tekintet\u00e9ben is. A szigetk\u00f6zi rehabilit\u00e1ci\u00f3s tanulm\u00e1ny megkezd\u00e9se el\u0151tt (l\u00e1sd al\u00e1bb), 2005-ben egy helysz\u00edni l\u00e1togat\u00e1st tett\u00fcnk itt, amelyr\u0151l <a href=\"https:\/\/youtu.be\/284Yovt90iE\" target=\"_blank\" rel=\"noopener\">egy r\u00f6vid film is k\u00e9sz\u00fclt<\/a>.<\/p>\n<p><iframe loading=\"lazy\" title=\"Nationalpark Dunauen - 2005\" width=\"750\" height=\"563\" src=\"https:\/\/www.youtube.com\/embed\/284Yovt90iE?feature=oembed\" frameborder=\"0\" allow=\"accelerometer; autoplay; clipboard-write; encrypted-media; gyroscope; picture-in-picture; web-share\" referrerpolicy=\"strict-origin-when-cross-origin\" allowfullscreen><\/iframe><\/p>\n<p>Az al\u00e1bbi linkeken \u00a0el\u00e9rhet\u0151 az az\u00a0elemz\u00e9s, amely a szigetk\u00f6zi rehabilit\u00e1ci\u00f3 lehets\u00e9ges met\u00f3dusair\u00f3l k\u00e9sz\u00fclt 2010-ben (<em>Feasibility Study:The Rehabilitation of the Szigetk\u00f6z Reach of the Danube, February, 2010<\/em>)<\/p>\n<p>A tanulm\u00e1ny vezet\u0151i \u00f6sszefoglal\u00f3j\u00e1nak magyar nyelv\u0171 nyers ford\u00edt\u00e1sa az al\u00e1bbi linkre kattintva tekinthet\u0151 meg:<\/p>\n<p><a href=\"https:\/\/kovacsgyorgy.eu\/wp-content\/uploads\/2017\/10\/FS_ExecutiveSummary_magyar_forditas-m\u00e1solat.pdf\" target=\"_blank\" rel=\"noopener\">Szigetk\u00f6zi Megval\u00f3s\u00edthat\u00f3s\u00e1gi Tanulm\u00e1ny vezet\u0151i \u00f6sszefoglal\u00f3ja, 2010<\/a><\/p>\n<p><a href=\"https:\/\/www.dropbox.com\/s\/o9g89r4m8o4xu13\/FesaibilityStudySzigetkoz%20m%C3%A1solat.pdf?dl=0\">A teljes tanulm\u00e1ny\u00a0(angol nyelven) itt t\u00f6lthet\u0151 le.<\/a><\/p>","protected":false},"excerpt":{"rendered":"<p>Al\u00e1bb tal\u00e1lhat\u00f3 egy 2003-ban k\u00e9sz\u00edtett \u00e1ttekint\u0151 elemz\u00e9s a B\u0151s-nagymarosi jogvita 1998 nyara \u00e9s 2002 tavasza k\u00f6z\u00f6tti id\u0151szak k\u00e9toldal\u00fa t\u00e1rgyal\u00e1sair\u00f3l \u00e9s az azok nyom\u00e1n kialakult helyzetr\u0151l B\u0151s-Nagymarosi t\u00e1rgyal\u00e1sok 1998-2002 Egy 2000 janu\u00e1rj\u00e1ban szervezett konferencia [Gy\u00f6rgy Kov\u00e1cs (Ed.): Proceedings of the International Symposium for Living Rivers: River Rehabilitation of International Waterways., 21st January 2000 \u2013 Budapest. Organised&hellip; <a class=\"more-link\" href=\"https:\/\/kovacsgyorgy.eu\/?page_id=167\"><span class=\"screen-reader-text\">B\u0151s-Nagymaros<\/span> olvas\u00e1s\u00e1nak folytat\u00e1sa<\/a><\/p>\n","protected":false},"author":1,"featured_media":0,"parent":0,"menu_order":0,"comment_status":"closed","ping_status":"closed","template":"","meta":{"footnotes":""},"class_list":["post-167","page","type-page","status-publish","hentry","entry"],"_links":{"self":[{"href":"https:\/\/kovacsgyorgy.eu\/index.php?rest_route=\/wp\/v2\/pages\/167","targetHints":{"allow":["GET"]}}],"collection":[{"href":"https:\/\/kovacsgyorgy.eu\/index.php?rest_route=\/wp\/v2\/pages"}],"about":[{"href":"https:\/\/kovacsgyorgy.eu\/index.php?rest_route=\/wp\/v2\/types\/page"}],"author":[{"embeddable":true,"href":"https:\/\/kovacsgyorgy.eu\/index.php?rest_route=\/wp\/v2\/users\/1"}],"replies":[{"embeddable":true,"href":"https:\/\/kovacsgyorgy.eu\/index.php?rest_route=%2Fwp%2Fv2%2Fcomments&post=167"}],"version-history":[{"count":82,"href":"https:\/\/kovacsgyorgy.eu\/index.php?rest_route=\/wp\/v2\/pages\/167\/revisions"}],"predecessor-version":[{"id":687,"href":"https:\/\/kovacsgyorgy.eu\/index.php?rest_route=\/wp\/v2\/pages\/167\/revisions\/687"}],"wp:attachment":[{"href":"https:\/\/kovacsgyorgy.eu\/index.php?rest_route=%2Fwp%2Fv2%2Fmedia&parent=167"}],"curies":[{"name":"wp","href":"https:\/\/api.w.org\/{rel}","templated":true}]}}