{"id":165,"date":"2017-09-29T01:00:29","date_gmt":"2017-09-28T23:00:29","guid":{"rendered":"https:\/\/kovacsgyorgy.eu\/?page_id=165"},"modified":"2018-05-20T17:40:52","modified_gmt":"2018-05-20T15:40:52","slug":"allatkert","status":"publish","type":"page","link":"https:\/\/kovacsgyorgy.eu\/?page_id=165","title":{"rendered":"\u00c1llatkert"},"content":{"rendered":"<p><\/p>\n<p style=\"text-align: left;\">Az Budapesti \u00c1llatkertben elt\u00f6lt\u00f6tt \u00e9vek nagy kih\u00edv\u00e1st jelentettek a rendszerv\u00e1lt\u00e1s hajnal\u00e1n. Err\u0151l tan\u00faskodik az 1993-ban k\u00e9sz\u00edtett p\u00e1ly\u00e1zati anyag a F\u0151v\u00e1rosi \u00c1llat-\u00e9s N\u00f6v\u00e9nykert f\u0151igazgat\u00f3i tiszts\u00e9g\u00e9nek elnyer\u00e9s\u00e9re<\/p>\n<p><a href=\"https:\/\/kovacsgyorgy.eu\/wp-content\/uploads\/2017\/10\/Budapesti_Allatkert_palyazat-m\u00e1solat.pdf\" target=\"_blank\" rel=\"noopener\">Budapesti \u00c1llatkert F\u0151igazgat\u00f3i p\u00e1ly\u00e1zat, 1993,<\/a><\/p>\n<p>valamint az <a href=\"https:\/\/kovacsgyorgy.eu\/wp-content\/uploads\/2017\/10\/Allatkert_racsok_nelkul-m\u00e1solat.pdf\">a korabeli bros\u00fara<\/a>, amely a j\u00f6v\u0151 elk\u00e9pzel\u00e9seir\u0151l sz\u00f3lt. Ez a sz\u00f3r\u00f3lap ugyan soha nem ker\u00fclt nyilv\u00e1noss\u00e1gra, de a benne fellelhet\u0151 elk\u00e9pzel\u00e9sek nagy r\u00e9sze &#8211; szerencs\u00e9re &#8211; megval\u00f3sulhatott. Ma a Budapesti \u00c1llatkert nemzetk\u00f6zi viszonylatban is elismert, mi t\u00f6bb, \u00e9lenj\u00e1r\u00f3 tagja az \u00e1llatkerti vil\u00e1g nagy csal\u00e1dj\u00e1nak.<\/p>\n<p><\/p>","protected":false},"excerpt":{"rendered":"<p>Az Budapesti \u00c1llatkertben elt\u00f6lt\u00f6tt \u00e9vek nagy kih\u00edv\u00e1st jelentettek a rendszerv\u00e1lt\u00e1s hajnal\u00e1n. Err\u0151l tan\u00faskodik az 1993-ban k\u00e9sz\u00edtett p\u00e1ly\u00e1zati anyag a F\u0151v\u00e1rosi \u00c1llat-\u00e9s N\u00f6v\u00e9nykert f\u0151igazgat\u00f3i tiszts\u00e9g\u00e9nek elnyer\u00e9s\u00e9re Budapesti \u00c1llatkert F\u0151igazgat\u00f3i p\u00e1ly\u00e1zat, 1993, valamint az a korabeli bros\u00fara, amely a j\u00f6v\u0151 elk\u00e9pzel\u00e9seir\u0151l sz\u00f3lt. Ez a sz\u00f3r\u00f3lap ugyan soha nem ker\u00fclt nyilv\u00e1noss\u00e1gra, de a benne fellelhet\u0151 elk\u00e9pzel\u00e9sek nagy r\u00e9sze&hellip; <a class=\"more-link\" href=\"https:\/\/kovacsgyorgy.eu\/?page_id=165\"><span class=\"screen-reader-text\">\u00c1llatkert<\/span> olvas\u00e1s\u00e1nak folytat\u00e1sa<\/a><\/p>\n","protected":false},"author":1,"featured_media":0,"parent":0,"menu_order":0,"comment_status":"closed","ping_status":"closed","template":"","meta":{"footnotes":""},"class_list":["post-165","page","type-page","status-publish","hentry","entry"],"_links":{"self":[{"href":"https:\/\/kovacsgyorgy.eu\/index.php?rest_route=\/wp\/v2\/pages\/165","targetHints":{"allow":["GET"]}}],"collection":[{"href":"https:\/\/kovacsgyorgy.eu\/index.php?rest_route=\/wp\/v2\/pages"}],"about":[{"href":"https:\/\/kovacsgyorgy.eu\/index.php?rest_route=\/wp\/v2\/types\/page"}],"author":[{"embeddable":true,"href":"https:\/\/kovacsgyorgy.eu\/index.php?rest_route=\/wp\/v2\/users\/1"}],"replies":[{"embeddable":true,"href":"https:\/\/kovacsgyorgy.eu\/index.php?rest_route=%2Fwp%2Fv2%2Fcomments&post=165"}],"version-history":[{"count":41,"href":"https:\/\/kovacsgyorgy.eu\/index.php?rest_route=\/wp\/v2\/pages\/165\/revisions"}],"predecessor-version":[{"id":779,"href":"https:\/\/kovacsgyorgy.eu\/index.php?rest_route=\/wp\/v2\/pages\/165\/revisions\/779"}],"wp:attachment":[{"href":"https:\/\/kovacsgyorgy.eu\/index.php?rest_route=%2Fwp%2Fv2%2Fmedia&parent=165"}],"curies":[{"name":"wp","href":"https:\/\/api.w.org\/{rel}","templated":true}]}}