{"id":142,"date":"2017-09-29T00:07:08","date_gmt":"2017-09-28T22:07:08","guid":{"rendered":"https:\/\/kovacsgyorgy.eu\/?page_id=142"},"modified":"2025-01-14T19:18:51","modified_gmt":"2025-01-14T18:18:51","slug":"eletrajz","status":"publish","type":"page","link":"https:\/\/kovacsgyorgy.eu\/?page_id=142","title":{"rendered":"\u00c9letrajz"},"content":{"rendered":"<p><\/p>\n<h3><strong>SZEM\u00c9LYI ADATOK<\/strong><\/h3>\n<table style=\"height: 931px;\" width=\"472\">\n<tbody>\n<tr>\n<td width=\"145\">N\u00c9V:<\/td>\n<td style=\"text-align: left;\" width=\"313\">Dr. Kov\u00e1cs Gy\u00f6rgy G\u00e1bor<\/td>\n<\/tr>\n<tr>\n<td width=\"145\">SZ\u00dcLET\u00c9S IDEJE:<\/td>\n<td width=\"313\">1951. \u00e1prilis 17.<\/td>\n<\/tr>\n<tr>\n<td width=\"145\">SZ\u00dcLET\u00c9S HELYE:<\/td>\n<td width=\"313\">Budapest<\/td>\n<\/tr>\n<tr>\n<td width=\"145\">\u00c1LLAMPOLG\u00c1RS\u00c1G:<\/td>\n<td width=\"313\">magyar<\/td>\n<\/tr>\n<tr>\n<td width=\"145\">&nbsp;<\/p>\n<p>CSAL\u00c1DI \u00c1LLAPOT:<\/td>\n<td width=\"313\">N\u0151s. Feles\u00e9ge, S\u00e1ri Enik\u0151 mez\u0151gazdas\u00e1gi m\u00e9rn\u00f6k, \u00fajs\u00e1g\u00edr\u00f3, \u00fcgyvezet\u0151 igazgat\u00f3. K\u00e9t feln\u0151tt gyermek\u00fck van.<\/td>\n<\/tr>\n<tr>\n<td width=\"145\">LAKC\u00cdM:<\/td>\n<td width=\"313\">XIX. utca 31., 1172 Budapest<\/td>\n<\/tr>\n<tr>\n<td width=\"145\">\u00a0WEB-OLDAL<\/td>\n<td width=\"313\">\u00a0www.kovacsgyorgy.eu<\/td>\n<\/tr>\n<tr>\n<td width=\"145\">E-MAIL:<\/td>\n<td width=\"313\"><a href=\"mailto:kovacsgyorgy@me.com\">kovacsgyorgy@me.com<\/a><\/td>\n<\/tr>\n<tr>\n<td width=\"145\">\u00c9RDEKL\u0150D\u00c9SI K\u00d6R:<\/td>\n<td width=\"313\">biol\u00f3gia, \u00f6kol\u00f3gia, vadbiol\u00f3gia, vadgazd\u00e1lkod\u00e1s, <em>ex situ <\/em>fajmeg\u0151rz\u00e9s, \u00e1lltakerti menedzsment, k\u00f6rnyezet-\u00e9s term\u00e9szetv\u00e9delem, k\u00f6rnyezeti- \u00e9s \u00f6kol\u00f3giai nevel\u00e9s, k\u00f6rnyezetgazd\u00e1lkod\u00e1s, valamint k\u00f6rnyezeti d\u00f6nt\u00e9s-el\u0151k\u00e9sz\u00edt\u00e9si folyamatok<\/td>\n<\/tr>\n<tr>\n<td width=\"145\">T\u00c1RSAS\u00c1GI TAGS\u00c1GOK:<\/p>\n<p>&nbsp;<\/td>\n<td width=\"313\">Magyar Biol\u00f3giai T\u00e1rsas\u00e1g (megsz\u0171nt)<\/p>\n<p>IUCN, Captive Breeding Specialist Group (1992-94)<\/p>\n<p>Magyar Etol\u00f3giai T\u00e1rsas\u00e1g (megsz\u0171nt)<\/p>\n<p>K\u00f6rnyezeti Nevel\u00e9s Egyes\u00fclet (megsz\u0171nt)<\/p>\n<p>Vadv\u00e9delmi \u00e9s Vadgazd\u00e1lkod\u00e1si T\u00e1rsas\u00e1g (megsz\u0171nt)<\/p>\n<p>Magyar \u00c1llatkertek Sz\u00f6vets\u00e9ge (1992-1993: titk\u00e1r, 1994 febru\u00e1r-j\u00falius: eln\u00f6k)<\/td>\n<\/tr>\n<tr>\n<td width=\"145\">D\u00cdJ:<\/td>\n<td width=\"313\">M\u0171vel\u0151d\u00e9s\u00fcgyi Miniszt\u00e9rium n\u00edv\u00f3d\u00edja a &#8222;A mezeiny\u00fal: \u00f6kol\u00f3gia\u2026&#8221; c\u00edm\u0171 k\u00f6nyv\u00e9rt\u00ed\u00ed<\/td>\n<\/tr>\n<tr>\n<td width=\"145\">NYELVISMERET:<\/td>\n<td width=\"313\">angol \u00e9s francia (mindk\u00e9t nyelven olvasok, \u00edrok \u00e9s besz\u00e9lek)<\/td>\n<\/tr>\n<tr>\n<td width=\"145\"><\/td>\n<td width=\"313\"><\/td>\n<\/tr>\n<\/tbody>\n<\/table>\n<h3>SZAKMAI K\u00c9PZ\u00c9TTS\u00c9G<\/h3>\n<p><strong>1975<\/strong>\u2011ben a g\u00f6d\u00f6ll\u0151i Agr\u00e1rtudom\u00e1nyi Egyetemen szereztem mez\u0151gazdas\u00e1gi m\u00e9rn\u00f6ki diplom\u00e1t. A diplomadolgozat c\u00edme: &#8221; A f\u00e1c\u00e1n A\u2011vitamin szintje&#8221;.<\/p>\n<p><strong>1981<\/strong>\u2011ben Vadgazd\u00e1lkod\u00e1si Szakm\u00e9rn\u00f6k diplom\u00e1t szereztem. A diplomadolgozat c\u00edme: &#8222;A mezei ny\u00fal popul\u00e1ci\u00f3dinamik\u00e1ja \u00e9s az \u00e1llom\u00e1nyhasznos\u00edt\u00e1s tervez\u00e9se&#8221;.<\/p>\n<p><strong>1985<\/strong>\u2011ben egyetemi doktori oklevelet szereztem. A doktori \u00e9rtekez\u00e9s c\u00edme: &#8222;Az \u00e1llom\u00e1nyhasznos\u00edt\u00e1s tervez\u00e9se a mezei ny\u00fal demogr\u00e1fiai saj\u00e1toss\u00e1gai alapj\u00e1n&#8221;.<\/p>\n<p><strong>1994<\/strong> \u2013 ben a Magyar Tudom\u00e1nyos Akad\u00e9mia Biol\u00f3gia I szakbizotts\u00e1ga \u2013 sikeres h\u00e1zi v\u00e9d\u00e9st k\u00f6vet\u0151en \u2013 kandid\u00e1tusi \u00e9rtekez\u00e9semet nyilv\u00e1nos vit\u00e1ra alkalmasnak tal\u00e1lta. A nyilv\u00e1nos vit\u00e1ra \u00e9s a sikeres v\u00e9d\u00e9sre egy 1995. m\u00e1rcius\u00e1ban elszenvedett, s\u00falyos s\u00e9r\u00fcl\u00e9ssel j\u00e1r\u00f3 l\u00e9gi baleset k\u00f6vetkezt\u00e9ben csak 2005-ben ker\u00fclt sor.<\/p>\n<h3>SZAKMAI GYAKORLAT<\/h3>\n<p><strong>1972 &#8211; 1975<\/strong> k\u00f6z\u00f6tt az egyetemi tanulm\u00e1nyok alatt t\u00f6bb Tudom\u00e1nyos Di\u00e1kk\u00f6ri Konferenci\u00e1n vettem r\u00e9szt, s negyed, majd \u00f6t\u00f6d\u00e9ves egyetemi hallgat\u00f3k\u00e9nt az Agr\u00e1rtudom\u00e1nyi Egyetem \u00c1llattani Tansz\u00e9k\u00e9n demonstr\u00e1tor voltam, s r\u00e9szt vettem a nappali tagozatos oktat\u00e1sban.<\/p>\n<p><strong>1975 \u2013 1988<\/strong> k\u00f6z\u00f6tt tudom\u00e1nyos kutat\u00f3 \u00e9s oktat\u00f3 voltam a g\u00f6d\u00f6ll\u0151i Agr\u00e1rtudom\u00e1nyi Egyetem \u00c1llattani Tansz\u00e9k\u00e9n, majd Vadbiol\u00f3giai Kutat\u00f3 \u00c1llom\u00e1s\u00e1n. Ez id\u0151szak alatt t\u00f6bb t\u00e9ma vezet\u0151je voltam. Kezdeti fiziol\u00f3giai \u00e9rdekl\u0151d\u00e9sem az \u00f6kol\u00f3gia fel\u00e9 fordult, s f\u0151 kutat\u00e1si t\u00e9m\u00e1m az egyes gerinces \u00e1llatfajok (mezei ny\u00fal, \u0151z, ragadoz\u00f3 eml\u0151s\u00f6k) popul\u00e1ci\u00f3\u00f6kol\u00f3gi\u00e1ja volt, de foglalkoztam agancsfiziol\u00f3gi\u00e1val, csontsz\u00f6vettani ismereteken alapul\u00f3 korbecsl\u00e9ssel, vadpopul\u00e1ci\u00f3k nagys\u00e1g\u00e1nak \u2011\u00e9s s\u0171r\u0171s\u00e9g\u00e9nek becsl\u00e9s\u00e9vel \u00e9s els\u0151k\u00e9nt alkalmaztam a r\u00e1di\u00f3 &#8211; t\u00e1vm\u00e9r\u00e9s technik\u00e1j\u00e1t a magyarorsz\u00e1gi \u00f6kol\u00f3giai kutat\u00e1sban. A kutat\u00f3i tev\u00e9kenys\u00e9g mellett r\u00e9szt vettem az \u00e1llattan, az \u00f6kol\u00f3gia, valamint a vadbiol\u00f3gia \u00e9s a vadgazd\u00e1lkod\u00e1s diszcipl\u00edn\u00e1k oktat\u00e1s\u00e1ban.<\/p>\n<p><strong>1980<\/strong>\u2011ban 4 h\u00f3napig az Orsz\u00e1gos \u00d6szt\u00f6nd\u00edj Tan\u00e1cs \u00f6szt\u00f6nd\u00edjasak\u00e9nt Franciaorsz\u00e1gban dolgoztam, ahol kutat\u00e1si t\u00e9m\u00e1m a mezei ny\u00fal szaporod\u00e1sbiol\u00f3gi\u00e1ja \u00e9s korbecsl\u00e9se volt.<\/p>\n<p><strong>1988<\/strong>. janu\u00e1r 1. \u00e9s <strong>1990<\/strong>. m\u00e1rcius 31. k\u00f6z\u00f6tt a Biohumusz K\u00f6z\u00f6s V\u00e1llalat kutat\u00e1s\u2011fejleszt\u00e9si igazgat\u00f3helyettesek\u00e9nt a v\u00e1llalat kutat\u00e1s\u2011fejleszt\u00e9si munk\u00e1j\u00e1t ir\u00e1ny\u00edtottam.<\/p>\n<p><strong>1990<\/strong>. \u00e1prilis 1. \u00e9s <strong>1994<\/strong>. december 31 k\u00f6z\u00f6tt a F\u0151v\u00e1rosi \u00c1llat-\u00e9s N\u00f6v\u00e9nykertben dolgoztam. Itt el\u0151sz\u00f6r tudom\u00e1nyos titk\u00e1r, majd\u2026<\/p>\n<p><strong>1991<\/strong>. okt\u00f3ber 1-t\u0151l az Int\u00e9zm\u00e9ny f\u0151igazgat\u00f3-helyettese voltam. Tev\u00e9kenys\u00e9gem, az Int\u00e9zm\u00e9ny t\u00f6rt\u00e9net\u00e9ben \u00e1tmeneti korszaknak tekinthet\u0151 peri\u00f3dusban \u2013 n\u00e9h\u00e1ny szervezeti egys\u00e9g k\u00f6zvetlen ir\u00e1ny\u00edt\u00e1sa mellett \u2013 els\u0151sorban a sz\u00fcks\u00e9gszer\u0171 v\u00e1ltoztat\u00e1sokat ig\u00e9nyl\u0151 j\u00f6v\u0151k\u00e9p alak\u00edt\u00e1s\u00e1ra \u00f6sszpontosult.<\/p>\n<p><strong>1991 <\/strong>\u00e9s <strong>1995<\/strong> k\u00f6z\u00f6tt a magyarorsz\u00e1gi nagytest\u0171 eml\u0151s\u00f6k popul\u00e1ci\u00f3inak l\u00e9gi becsl\u00e9s\u00e9re ir\u00e1nyul\u00f3 \u00e1llami (FM) kutat\u00e1si projekt vezet\u0151je voltam.<\/p>\n<p><strong>1994<\/strong> okt\u00f3ber\u00e9t\u0151l <strong>2001<\/strong> december\u00e9ig &#8211; \u00f6n\u00e1ll\u00f3 tudom\u00e1nyos szak\u00e9rt\u0151k\u00e9nt &#8211; a Magyar K\u00f6zt\u00e1rsas\u00e1g K\u00fcl\u00fcgyminiszt\u00e9riuma keret\u00e9ben m\u0171k\u00f6d\u0151 B\u0151s-Nagymarosi V\u00edzl\u00e9pcs\u0151 Titk\u00e1rs\u00e1g\u00e1t ir\u00e1ny\u00edtottam. A per el\u0151k\u00e9sz\u00edt\u00e9se sor\u00e1n &#8211; vezet\u0151 tudom\u00e1nyos koordin\u00e1tork\u00e9nt &#8211; feladatom a B\u0151s-Nagymarosi V\u00edzl\u00e9pcs\u0151 \u00fcgy\u00e9ben a h\u00e1gai Nemzetk\u00f6zi B\u00edr\u00f3s\u00e1gon foly\u00f3 per tudom\u00e1nyos h\u00e1tt\u00e9ranyagait biztos\u00edt\u00f3 nemzeti \u00e9s nemzetk\u00f6zi term\u00e9szettudom\u00e1nyos szak\u00e9rt\u0151i tev\u00e9kenys\u00e9g \u00f6sszehangol\u00e1sa volt.<\/p>\n<p><strong>\u00a0<\/strong><strong>1996 <\/strong>janu\u00e1r<strong> \u00e9s 2004 <\/strong>febru\u00e1r<strong> k\u00f6z\u00f6tt <\/strong>alap\u00edt\u00f3ja, tulajdonosa \u00e9s \u00fcgyvezet\u0151je voltam az EKO\u201921 Szolg\u00e1ltat\u00f3 \u00e9s Tan\u00e1csad\u00f3 Bet\u00e9ti T\u00e1rsas\u00e1gnak.<\/p>\n<p><strong>1996<\/strong> augusztus\u00e1t\u00f3l <strong>1997<\/strong> febru\u00e1rj\u00e1ig a Magyar Tudom\u00e1nyos Akad\u00e9mia Biol\u00f3giai Tudom\u00e1nyok Oszt\u00e1ly\u00e1nak titk\u00e1ra voltam.<\/p>\n<p><strong>2002 \u2013 2004 <\/strong>febru\u00e1rj\u00e1ig a Minisztereln\u00f6ki Hivatal \u00e9s a K\u00fcl\u00fcgyminiszt\u00e9rium megb\u00edz\u00e1s\u00e1b\u00f3l v\u00e9geztem \u00f6n\u00e1ll\u00f3 szak\u00e9rt\u0151i tev\u00e9kenys\u00e9get.<\/p>\n<p><strong>2004 m\u00e1rcius 1-t\u0151l 2010 m\u00e1rcius\u00e1ig<\/strong> a K\u00f6rnyezetv\u00e9delmi \u00e9s V\u00edz\u00fcgyi Miniszt\u00e9rium B\u0151s-nagymarosi T\u00e1rcak\u00f6zi Bizotts\u00e1g Irod\u00e1j\u00e1t vezettem \u00e9s a B\u0151s \u2013 Nagymarosi \u00fcgyel kapcsolatos korm\u00e1nyzati feladatok koordin\u00e1l\u00e1s\u00e1\u00e9rt felel\u0151s T\u00e1rcak\u00f6zi Bizotts\u00e1g titk\u00e1ra voltam.<\/p>\n<p>&nbsp;<\/p>","protected":false},"excerpt":{"rendered":"<p>SZEM\u00c9LYI ADATOK N\u00c9V: Dr. Kov\u00e1cs Gy\u00f6rgy G\u00e1bor SZ\u00dcLET\u00c9S IDEJE: 1951. \u00e1prilis 17. SZ\u00dcLET\u00c9S HELYE: Budapest \u00c1LLAMPOLG\u00c1RS\u00c1G: magyar &nbsp; CSAL\u00c1DI \u00c1LLAPOT: N\u0151s. Feles\u00e9ge, S\u00e1ri Enik\u0151 mez\u0151gazdas\u00e1gi m\u00e9rn\u00f6k, \u00fajs\u00e1g\u00edr\u00f3, \u00fcgyvezet\u0151 igazgat\u00f3. K\u00e9t feln\u0151tt gyermek\u00fck van. LAKC\u00cdM: XIX. utca 31., 1172 Budapest \u00a0WEB-OLDAL \u00a0www.kovacsgyorgy.eu E-MAIL: kovacsgyorgy@me.com \u00c9RDEKL\u0150D\u00c9SI K\u00d6R: biol\u00f3gia, \u00f6kol\u00f3gia, vadbiol\u00f3gia, vadgazd\u00e1lkod\u00e1s, ex situ fajmeg\u0151rz\u00e9s, \u00e1lltakerti menedzsment, k\u00f6rnyezet-\u00e9s&hellip; <a class=\"more-link\" href=\"https:\/\/kovacsgyorgy.eu\/?page_id=142\"><span class=\"screen-reader-text\">\u00c9letrajz<\/span> olvas\u00e1s\u00e1nak folytat\u00e1sa<\/a><\/p>\n","protected":false},"author":1,"featured_media":0,"parent":0,"menu_order":0,"comment_status":"closed","ping_status":"closed","template":"","meta":{"footnotes":""},"class_list":["post-142","page","type-page","status-publish","hentry","entry"],"_links":{"self":[{"href":"https:\/\/kovacsgyorgy.eu\/index.php?rest_route=\/wp\/v2\/pages\/142","targetHints":{"allow":["GET"]}}],"collection":[{"href":"https:\/\/kovacsgyorgy.eu\/index.php?rest_route=\/wp\/v2\/pages"}],"about":[{"href":"https:\/\/kovacsgyorgy.eu\/index.php?rest_route=\/wp\/v2\/types\/page"}],"author":[{"embeddable":true,"href":"https:\/\/kovacsgyorgy.eu\/index.php?rest_route=\/wp\/v2\/users\/1"}],"replies":[{"embeddable":true,"href":"https:\/\/kovacsgyorgy.eu\/index.php?rest_route=%2Fwp%2Fv2%2Fcomments&post=142"}],"version-history":[{"count":22,"href":"https:\/\/kovacsgyorgy.eu\/index.php?rest_route=\/wp\/v2\/pages\/142\/revisions"}],"predecessor-version":[{"id":820,"href":"https:\/\/kovacsgyorgy.eu\/index.php?rest_route=\/wp\/v2\/pages\/142\/revisions\/820"}],"wp:attachment":[{"href":"https:\/\/kovacsgyorgy.eu\/index.php?rest_route=%2Fwp%2Fv2%2Fmedia&parent=142"}],"curies":[{"name":"wp","href":"https:\/\/api.w.org\/{rel}","templated":true}]}}