{"id":127,"date":"2017-09-28T19:53:54","date_gmt":"2017-09-28T17:53:54","guid":{"rendered":"https:\/\/kovacsgyorgy.eu\/?page_id=127"},"modified":"2017-10-16T23:55:31","modified_gmt":"2017-10-16T21:55:31","slug":"vadbiologia","status":"publish","type":"page","link":"https:\/\/kovacsgyorgy.eu\/?page_id=127","title":{"rendered":"Vadbiol\u00f3gia"},"content":{"rendered":"<p><\/p>\n<p style=\"text-align: left;\">A vadbiol\u00f3gia ter\u00fclet\u00e9n v\u00e9gzett kutat\u00e1sok legnagyobb r\u00e9sze a mezeiny\u00fal popul\u00e1ci\u00f3\u00f6kol\u00f3gi\u00e1j\u00e1nak megismer\u00e9s\u00e9re ir\u00e1nyult. E kutat\u00e1sok szint\u00e9zise a kandid\u00e1tusi \u00e9rtekez\u00e9sben tal\u00e1lhat\u00f3 meg, mivel a disszert\u00e1ci\u00f3 voltak\u00e9ppen az addig publik\u00e1lt cikkek tematikus gy\u0171jtem\u00e9nye. A &#8222;<em>Mezeiny\u00fal-gazd\u00e1lkod\u00e1s popul\u00e1ci\u00f3\u00f6kol\u00f3giai alapjai&#8221;<\/em>\u00a0c\u00edm\u0171<strong> kandid\u00e1tusi \u00e9rtekez\u00e9s<\/strong> az al\u00e1bbi linken \u00e9rhet\u0151 el:<\/p>\n<p><a href=\"https:\/\/kovacsgyorgy.eu\/wp-content\/uploads\/2017\/10\/Kandi_10.-m\u00e1solat.pdf\" target=\"_blank\" rel=\"noopener\">Kandid\u00e1tusi \u00e9rtekez\u00e9s<\/a><\/p>\n<p>A kandid\u00e1tusi <strong>\u00e9rtekez\u00e9s t\u00e9zisei<\/strong> t\u00f6m\u00f6ren expon\u00e1lj\u00e1k a fenti t\u00e9ma kutat\u00e1si eredm\u00e9nyeit, ami az al\u00e1bbi linken \u00e9rhet\u0151 el.<\/p>\n<p><a href=\"https:\/\/kovacsgyorgy.eu\/wp-content\/uploads\/2017\/10\/Tezisek_Szines-m\u00e1solat.pdf\" target=\"_blank\" rel=\"noopener\">A mezeiny\u00fal gazd\u00e1lkod\u00e1s popul\u00e1ci\u00f3\u00f6kol\u00f3giai alapjai &#8211; r\u00f6viden<\/a><\/p>\n<p><img loading=\"lazy\" decoding=\"async\" class=\"alignleft wp-image-596\" src=\"https:\/\/kovacsgyorgy.eu\/wp-content\/uploads\/2017\/10\/Emlosatlasz_borito005.jpg\" alt=\"\" width=\"75\" height=\"105\" srcset=\"https:\/\/kovacsgyorgy.eu\/wp-content\/uploads\/2017\/10\/Emlosatlasz_borito005.jpg 2505w, https:\/\/kovacsgyorgy.eu\/wp-content\/uploads\/2017\/10\/Emlosatlasz_borito005-216x300.jpg 216w, https:\/\/kovacsgyorgy.eu\/wp-content\/uploads\/2017\/10\/Emlosatlasz_borito005-768x1067.jpg 768w, https:\/\/kovacsgyorgy.eu\/wp-content\/uploads\/2017\/10\/Emlosatlasz_borito005-737x1024.jpg 737w\" sizes=\"auto, (max-width: 75px) 100vw, 75px\" \/>A &#8222;Magyarorsz\u00e1g eml\u0151seinek atlasza&#8221; (Kossuth Kiad\u00f3, 2007) c\u00edm\u0171 k\u00f6nyvh\u00f6z k\u00e9sz\u00edtett \u00f6sszefoglal\u00f3 a mezeiny\u00falr\u00f3l \u00e9s az \u00fcregi ny\u00falr\u00f3l az al\u00e1bbi linken \u00e9rhet\u0151 el.<\/p>\n<p><a href=\"https:\/\/kovacsgyorgy.eu\/wp-content\/uploads\/2017\/10\/Lagomorpha-m\u00e1solat.pdf\" target=\"_blank\" rel=\"noopener\">Lagomorpha<\/a><\/p>\n<p>&nbsp;<\/p>\n<p><img loading=\"lazy\" decoding=\"async\" class=\"alignleft wp-image-578\" src=\"https:\/\/kovacsgyorgy.eu\/wp-content\/uploads\/2017\/10\/Mezeinyul_konyv001.jpg\" alt=\"\" width=\"72\" height=\"100\" srcset=\"https:\/\/kovacsgyorgy.eu\/wp-content\/uploads\/2017\/10\/Mezeinyul_konyv001.jpg 2016w, https:\/\/kovacsgyorgy.eu\/wp-content\/uploads\/2017\/10\/Mezeinyul_konyv001-215x300.jpg 215w, https:\/\/kovacsgyorgy.eu\/wp-content\/uploads\/2017\/10\/Mezeinyul_konyv001-768x1070.jpg 768w, https:\/\/kovacsgyorgy.eu\/wp-content\/uploads\/2017\/10\/Mezeinyul_konyv001-735x1024.jpg 735w\" sizes=\"auto, (max-width: 72px) 100vw, 72px\" \/><\/p>\n<p><u>Kov\u00e1cs,Gy.<\/u> \u00e9s Heltay,I.(1985): A mezei ny\u00fal. \u00d6kol\u00f3gia, gazd\u00e1lkod\u00e1s, vad\u00e1szat. Mez\u0151gazdas\u00e1gi Kiad\u00f3. Budapest.p.177 &#8211; <strong>m\u00e9g nem el\u00e9rhet\u0151<\/strong><\/p>\n<p>&nbsp;<\/p>\n<p>&nbsp;<\/p>\n<p><img loading=\"lazy\" decoding=\"async\" class=\"alignleft wp-image-580\" src=\"https:\/\/kovacsgyorgy.eu\/wp-content\/uploads\/2017\/10\/Allatsuruseg_konyv.jpg\" alt=\"\" width=\"74\" height=\"110\" srcset=\"https:\/\/kovacsgyorgy.eu\/wp-content\/uploads\/2017\/10\/Allatsuruseg_konyv.jpg 1429w, https:\/\/kovacsgyorgy.eu\/wp-content\/uploads\/2017\/10\/Allatsuruseg_konyv-202x300.jpg 202w, https:\/\/kovacsgyorgy.eu\/wp-content\/uploads\/2017\/10\/Allatsuruseg_konyv-768x1140.jpg 768w, https:\/\/kovacsgyorgy.eu\/wp-content\/uploads\/2017\/10\/Allatsuruseg_konyv-690x1024.jpg 690w\" sizes=\"auto, (max-width: 74px) 100vw, 74px\" \/>Demeter, A. \u00e9s <u>Kov\u00e1cs, Gy.<\/u> (1991): \u00c1llatpopul\u00e1ci\u00f3k nagys\u00e1g\u00e1nak \u00e9s s\u0171r\u0171s\u00e9g\u00e9nek becsl\u00e9se. Akad\u00e9miai Kiad\u00f3. p.273 &#8211;<strong>m\u00e9g nem el\u00e9rhet\u0151<\/strong><\/p>","protected":false},"excerpt":{"rendered":"<p>A vadbiol\u00f3gia ter\u00fclet\u00e9n v\u00e9gzett kutat\u00e1sok legnagyobb r\u00e9sze a mezeiny\u00fal popul\u00e1ci\u00f3\u00f6kol\u00f3gi\u00e1j\u00e1nak megismer\u00e9s\u00e9re ir\u00e1nyult. E kutat\u00e1sok szint\u00e9zise a kandid\u00e1tusi \u00e9rtekez\u00e9sben tal\u00e1lhat\u00f3 meg, mivel a disszert\u00e1ci\u00f3 voltak\u00e9ppen az addig publik\u00e1lt cikkek tematikus gy\u0171jtem\u00e9nye. A &#8222;Mezeiny\u00fal-gazd\u00e1lkod\u00e1s popul\u00e1ci\u00f3\u00f6kol\u00f3giai alapjai&#8221;\u00a0c\u00edm\u0171 kandid\u00e1tusi \u00e9rtekez\u00e9s az al\u00e1bbi linken \u00e9rhet\u0151 el: Kandid\u00e1tusi \u00e9rtekez\u00e9s A kandid\u00e1tusi \u00e9rtekez\u00e9s t\u00e9zisei t\u00f6m\u00f6ren expon\u00e1lj\u00e1k a fenti t\u00e9ma kutat\u00e1si eredm\u00e9nyeit, ami&hellip; <a class=\"more-link\" href=\"https:\/\/kovacsgyorgy.eu\/?page_id=127\"><span class=\"screen-reader-text\">Vadbiol\u00f3gia<\/span> olvas\u00e1s\u00e1nak folytat\u00e1sa<\/a><\/p>\n","protected":false},"author":1,"featured_media":0,"parent":0,"menu_order":0,"comment_status":"closed","ping_status":"closed","template":"","meta":{"footnotes":""},"class_list":["post-127","page","type-page","status-publish","hentry","entry"],"_links":{"self":[{"href":"https:\/\/kovacsgyorgy.eu\/index.php?rest_route=\/wp\/v2\/pages\/127","targetHints":{"allow":["GET"]}}],"collection":[{"href":"https:\/\/kovacsgyorgy.eu\/index.php?rest_route=\/wp\/v2\/pages"}],"about":[{"href":"https:\/\/kovacsgyorgy.eu\/index.php?rest_route=\/wp\/v2\/types\/page"}],"author":[{"embeddable":true,"href":"https:\/\/kovacsgyorgy.eu\/index.php?rest_route=\/wp\/v2\/users\/1"}],"replies":[{"embeddable":true,"href":"https:\/\/kovacsgyorgy.eu\/index.php?rest_route=%2Fwp%2Fv2%2Fcomments&post=127"}],"version-history":[{"count":64,"href":"https:\/\/kovacsgyorgy.eu\/index.php?rest_route=\/wp\/v2\/pages\/127\/revisions"}],"predecessor-version":[{"id":601,"href":"https:\/\/kovacsgyorgy.eu\/index.php?rest_route=\/wp\/v2\/pages\/127\/revisions\/601"}],"wp:attachment":[{"href":"https:\/\/kovacsgyorgy.eu\/index.php?rest_route=%2Fwp%2Fv2%2Fmedia&parent=127"}],"curies":[{"name":"wp","href":"https:\/\/api.w.org\/{rel}","templated":true}]}}