{"id":120,"date":"2017-09-28T19:43:57","date_gmt":"2017-09-28T17:43:57","guid":{"rendered":"https:\/\/kovacsgyorgy.eu\/?page_id=120"},"modified":"2017-10-06T22:20:20","modified_gmt":"2017-10-06T20:20:20","slug":"publikaciok","status":"publish","type":"page","link":"https:\/\/kovacsgyorgy.eu\/?page_id=120","title":{"rendered":"Publik\u00e1ci\u00f3k"},"content":{"rendered":"<p><\/p>\n<h4><\/h4>\n<h4>TUDOM\u00c1NYOS PUBLIK\u00c1CI\u00d3K<\/h4>\n<p><u>Kov\u00e1cs, Gy.<\/u>, Nagy, E. \u00e9s Pusk\u00e1s, I.(1977): A f\u00e1c\u00e1n (Phasianus colchicus, L) posztembrion\u00e1lis tolln\u00f6veked\u00e9s\u00e9nek \u00e9s adultkori tollazat\u00e1nak vizsg\u00e1lata. Vadbiol\u00f3giai Kutat\u00e1s. 21:6\u201115.<\/p>\n<p>Heltay, I. \u00e9s <u>Kov\u00e1cs, Gy.<\/u>(1978): Javaslat a tervszer\u0171 mezei ny\u00fal gazd\u00e1lkod\u00e1s orsz\u00e1gos kiterjeszt\u00e9s\u00e9re. Vadbiol\u00f3giai Kutat\u00e1s. 20:26\u201129.<\/p>\n<p>B\u00e1rdos, L. \u00e9s <u>Kov\u00e1cs, Gy.<\/u>(1978): Az \u00f6z (Capreolus capreolus, L) agancsfejl\u0151d\u00e9s\u00e9vel kapcsolatos vizsg\u00e1latok, k\u00fcl\u00f6n\u00f6s tekintettel egyes v\u00e9r\u00f6sszetev\u0151kre. Vadbiol\u00f3giai Kutat\u00e1s. 21:1\u20114.<\/p>\n<p>Heltay, I. \u00e9s <u>Kov\u00e1cs, Gy.<\/u>(1978): Szomsz\u00e9dos mezei ny\u00fal popul\u00e1ci\u00f3k vizsg\u00e1lata az optim\u00e1lisan hasznos\u00edthat\u00f3 mennyis\u00e9g meghat\u00e1roz\u00e1sa \u00e9rdek\u00e9ben. Vadbiol\u00f3giai Kutat\u00e1s. 22:6\u20118.<\/p>\n<p><u>Kov\u00e1cs, Gy.<\/u>, Nagy, E. \u00e9s Ernhaft, J.(1979): A f\u00e1c\u00e1n (Phasianus colchicus,L) energiaforgalmi mutat\u00f3inak vizsg\u00e1lata. Vadbiol\u00f3giai Kutat\u00e1s. 23:1\u20114.<\/p>\n<p><u>Kov\u00e1cs, Gy.<\/u> \u00e9s \u00d6cs\u00e9nyi, M.(1980): Egy mezei ny\u00fal popul\u00e1ci\u00f3 koreloszl\u00e1s\u00e1nak meghat\u00e1roz\u00e1sa az \u00e1llkapocs perioszt\u00e1lis n\u00f6veked\u00e9si vonalai alapj\u00e1n. Vadbiol\u00f3giai Kutat\u00e1s. 26:5\u20117.<\/p>\n<p>Kabai, P. \u00e9s <u>Kov\u00e1cs ,Gy.<\/u>(1981): Popul\u00e1ci\u00f3biol\u00f3giai modellek a vadgazd\u00e1lkod\u00e1sban. Vadbiol\u00f3giai Kutat\u00e1s. 28:6\u201112.<\/p>\n<p><u>Kov\u00e1cs, Gy.<\/u> and \u00d6cs\u00e9nyi, M.(1981): Age structure and survival of a European hare population determined by periosteal growth lines. Preliminary study. Acta oecologica, Oecol.Applicata. 2:241\u2011245.<\/p>\n<p><u>Kov\u00e1cs, G.<\/u> and Heltay, I.(1981): Study of a European hare population mosaic in the Hungarian lowland. <em>In: Mayers, K and McInnes, K.C.D. (Eds): Proceedings of the World Lagomorph Conference held in Guelph, Ontario, August 1979. University of Guelph. 508\u2011529.<\/em><\/p>\n<p><u>Kov\u00e1cs, Gy.<\/u>(1982): A mezei ny\u00fal szaporod\u00e1sa \u00e9s az \u00e1llom\u00e1nyhasznos\u00edt\u00e1s lehet\u0151s\u00e9gei. Agr\u00e1rtudom\u00e1nyi K\u00f6zlem\u00e9nyek. 41:653\u2011657.<\/p>\n<p>Pascal, M. et <u>Kov\u00e1cs, G.<\/u>(1983): La d\u00e9termination de l&#8217;age individuel chez le li\u00e8vre europ\u00e9en par la technique squelettochronologique. Rev.Ecol. 37:171\u2011186.<\/p>\n<p><u>Kov\u00e1cs, G.<\/u>(1983): Survival pattern in the adult European hares. Acta Zool.Fennica. 174:69\u201170.<\/p>\n<p><u>Kov\u00e1cs, G.<\/u>(1983): Variability of fecundity rates in a population of European hare. Proc. XVIth Congress of Game Biologists. 25 September \u2011 2 October, Vysoke Tatry, Strebske Pleso,1983, 450-458.<\/p>\n<p>Nikod\u00e9musz, E., <u>Kov\u00e1cs, G.<\/u> and Vet\u00e9si, F.(1985): On the pathology of the female reproductive tract in the European hare. Proc. XVIIth Congress of IUGB. Brussels, September 17\u201121, 1985. 773\u2011775.<\/p>\n<p><u>Kov\u00e1cs, Gy.<\/u>(1986): A szaporod\u00e1si ciklus befejez\u0151 szakasza a mezei ny\u00faln\u00e1l. Mikor kezd\u0151dj\u00f6n a vad\u00e1szati id\u00e9ny? Vadbiol\u00f3gia 1:23\u201129.<\/p>\n<p><u>Kov\u00e1cs, Gy.<\/u>(1986): Feln\u0151tt mezeinyulak t\u00fal\u00e9l\u00e9si mint\u00e1zata. \u00c1llattani K\u00f6zlem\u00e9nyek. 73:45\u201149.<\/p>\n<p><u>Kov\u00e1cs, Gy.<\/u>(1988): Mezeiny\u00fal\u2011\u00e1llom\u00e1nyok hasznos\u00edt\u00e1s\u00e1nak megtervez\u00e9se. Vadbiol\u00f3gia. 2:61\u201166.<\/p>\n<p><u>Kov\u00e1cs, Gy.<\/u>(1988): A c\u00e9lzott vadf\u00f6ldgazd\u00e1lkod\u00e1s hat\u00e1sa a mezei ny\u00fal popul\u00e1ci\u00f3 s\u00e1r\u00e1s\u00e9g\u00e9re. (El\u0151zetes k\u00f6zlem\u00e9ny.) Vadbiol\u00f3gia. 2:91\u201195.<\/p>\n<p><u>Kov\u00e1cs, Gy.<\/u>\u2011B\u00faza, Cs.(1988): A mezei ny\u00fal (LEPUS EUROPAEUS PALLAS) mozg\u00e1sk\u00f6rzet\u00e9nek jellemz\u0151i egy erd\u0151s\u00fclt \u00e9s egy intenz\u00edven m\u0171velt mez\u0151gazdas\u00e1gi \u00e9l\u0151helyen. I. A mozg\u00e1sk\u00f6rzet nagys\u00e1ga. Vadbiol\u00f3gia. 2:67\u201184.<\/p>\n<p>Hartl,G.B, Markowski,J., <u>Kov\u00e1cs,G.<\/u>, Grillitsch,M. and Willig,R.(1990): Biochemical variation and differentiation in the Brown hare (Lepus europaeus) of central Europe. Z.S\u00e4ugetierkunde 55: 186-193.<\/p>\n<p><u>Kov\u00e1cs, G.<\/u> and Felek, Z.(1991): Reliability of the cementum annuli count and the hunter&#8217;s age determination in the Roe deer. <em>In: Cs\u00e1nyi,S. and Ernhaft,J. (Eds): Transaction of the XXth Congress of the IUGB. August 21-26,1991. G\u00f6d\u00f6ll<\/em><em>\u00c5<\/em><em>. Hungary. 587-590.<\/em><\/p>\n<p><u>Kov\u00e1cs, G.<\/u>and B\u00faza, Cs.(1992): Home\u2011range size of the Brown hare in Hungary. 267-270. I<em>n: Bobek, B.; Perzanowski,K. and Regelin,W.L. (Eds.): Global trends in Wildlife Management. Swiat Press Krakow &#8211; Warsawa. 267-270.<\/em><\/p>\n<p><u>Kov\u00e1cs, Gy <\/u>(1993): Az \u00e1llatkertek szerepe a diverzit\u00e1s meg\u0151rz\u00e9s\u00e9ben. <em>In: Nemzeti biodiverzit\u00e1s-meg\u0151rz\u00e9si strat\u00e9gia.<\/em> Magyar Tudom\u00e1ny 8: 1002-1004.<\/p>\n<h4><\/h4>\n<h4>K\u00d6NYV<\/h4>\n<p><u>Kov\u00e1cs,Gy.<\/u> \u00e9s Heltay,I.(1985): A mezei ny\u00fal. \u00d6kol\u00f3gia, gazd\u00e1lkod\u00e1s, vad\u00e1szat. Mez\u0151gazdas\u00e1gi Kiad\u00f3. Budapest.p.177<\/p>\n<p>Demeter, A. \u00e9s <u>Kov\u00e1cs, Gy.<\/u> (1991): \u00c1llatpopul\u00e1ci\u00f3k nagys\u00e1g\u00e1nak \u00e9s s\u0171r\u0171s\u00e9g\u00e9nek becsl\u00e9se. Akad\u00e9miai Kiad\u00f3. p.273<\/p>\n<p><u>Kov\u00e1cs, Gy.<\/u> \u00e9s Heltay, I.(1993): A mezei ny\u00fal. Magyar Mez\u0151gazdas\u00e1g &#8211; Hubertus., Budapest., M\u00e1sodik kiad\u00e1s.<\/p>\n<p>Kov\u00e1cs, G. (Ed) (2000): Proceedings of the Internatinal Symposium for Living Rivers: River Rehabilitation of International Waterways. 21th January 2000 Budapest. EKO\u201921. 141 p.<\/p>\n<p>Kovacs, Gy. (2007): Mezeiny\u00fal. In: Bihari, Csorba and Heltai: Magyarorsz\u00e1g eml\u0151seinek atlasza. 130-131.<\/p>\n<h4><\/h4>\n<h4>N\u00c9PSZER\u0170S\u00cdT\u0150\u00a0TUDOM\u00c1MYOS PUBLIK\u00c1CI\u00d3K<\/h4>\n<p><u>Kov\u00e1cs, Gy.<\/u>(1976): F\u00e1c\u00e1nok \u00e9s az A\u2011vitamin. Nimr\u00f3d F\u00f3rum. 4:29\u201130.<\/p>\n<p><u>Kov\u00e1cs, Gy.<\/u>(1977): Egy k\u00fcl\u00f6nleges csontsz\u00f6vet: az agancs. Term\u00e9szet Vil\u00e1ga. 108 (10):467\u2011471.<\/p>\n<p><u>Kov\u00e1cs, Gy.<\/u>(1978): Lesz\u2011e \u00d6kol\u00f3gus p\u00e1rt Franciaorsz\u00e1gban? B\u00fav\u00e1r. 32:83.<\/p>\n<p><u>Kov\u00e1cs, Gy,<\/u>(1979): R\u00e1di\u00f3val \u00e1llatok nyom\u00e1ban. Nimr\u00f3d F\u00f3rum. 7:14\u201119.<\/p>\n<p><u>Kov\u00e1cs, Gy.<\/u>(1981): Vadbiol\u00f3giai Kutat\u00e1sok Franciaorsz\u00e1gban. Nimr\u00f3d F\u00f3rum. 7:6\u20119.<\/p>\n<p><u>Kov\u00e1cs, Gy.<\/u>(1984): Az \u0151zek otthona. Nimr\u00f3d. 4:158\u2011159.<\/p>\n<p><u>Kov\u00e1cs, Gy.<\/u>(1986): L\u00e9tsz\u00e1mbecsl\u00e9si m\u00f3dszer gyakorl\u00f3 vadgazd\u00e1knak: a mezei ny\u00fal \u00e1llom\u00e1nys\u0171r\u0171s\u00e9g\u00e9nek becsl\u00e9se reflektorral. Vadbiol\u00f3gia. 1:73\u201179.<\/p>\n<p><u>Kov\u00e1cs, Gy.<\/u>(1989): Hov\u00e1 megy a ny\u00fal? Hunor 1(1):14-17<\/p>\n<p><u>Kov\u00e1cs, Gy.<\/u>(1990): F\u00e1c\u00e1nok a nagyvil\u00e1gban. Hunor 2(3):7-17.<\/p>\n<p><u>Kov\u00e1cs, Gy.<\/u>(1990): Az agancs: fejd\u00edsz, avagy valami m\u00e1s? A Term\u00e9szet. Szeptember: 126-130.<\/p>\n<h4><\/h4>\n<h4>JELENT\u00c9SEK<\/h4>\n<p><u>Kov\u00e1cs, Gy<\/u>., Demeter, A., Heltay, I. \u00e9s \u00c1d\u00e1m, B. (1993): Nagyvad-popul\u00e1ci\u00f3k l\u00e9tsz\u00e1mbecsl\u00e9se l\u00e9gi felv\u00e9telez\u00e9ssel: adatszolg\u00e1ltat\u00e1s vadgazd\u00e1lkod\u00e1si k\u00f6rzettervekhez. I. M\u00f3dszer(ek)k kidolgoz\u00e1sa nagyvad-popul\u00e1ci\u00f3k nagys\u00e1g\u00e1nak \u2013 \u00e9s s\u0171r\u0171s\u00e9g\u00e9nek monitoroz\u00e1s\u00e1ra l\u00e9gi felv\u00e9telez\u00e9ssel. R\u00e9szjelent\u00e9s. Metodikai vizsg\u00e1latok eredm\u00e9nye. F\u00f6ldm\u0171vel\u00e9s\u00fcgyi Miniszt\u00e9rium. 88 oldal<\/p>\n<p><u>Kov\u00e1cs, Gy<\/u>., Demeter, A., Heltay, I. \u00e9s \u00c1d\u00e1m, B. (1995): Nagyvad-popul\u00e1ci\u00f3k l\u00e9tsz\u00e1mbecsl\u00e9se l\u00e9gi felv\u00e9telez\u00e9ssel: adatszolg\u00e1ltat\u00e1s vadgazd\u00e1lkod\u00e1si k\u00f6rzettervekhez. III. El\u0151zetes jelent\u00e9s. F\u00f6ldm\u0171vel\u00e9s\u00fcgyi Miniszt\u00e9rium. 43 oldal<\/p>\n<p><u>Kov\u00e1cs Gy<\/u> \u2013 Oldham, S. (1999): B\u0151s \u2013 Nagymarosi V\u00edzl\u00e9pcs\u0151 Rendszer: <a name=\"_Toc461504816\"><\/a>m\u00e9lt\u00e1nyos hasznos\u00edt\u00e1s \u00e9s v\u00edzmegoszt\u00e1s a periratokban \u2013 perbesz\u00e9dekben, az \u00edt\u00e9letben \u00e9s m\u00e1s dokumentumokban. K\u00e9zirat. 100 oldal<\/p>\n<p><u>Kov\u00e1cs, Gy<\/u> (2002): A b\u0151si v\u00edzl\u00e9pcs\u0151 k\u00f6rnyezeti hat\u00e1sainak egyes vonatkoz\u00e1sai. I. r\u00e9sz Egy j\u00f6v\u0151beni szigetk\u00f6zi k\u00f6rnyezeti hat\u00e1stanulm\u00e1nyhoz alkalmazhat\u00f3 hidrogeol\u00f3giai &#8211; hidrodinamikai modellek \u00e1ttekint\u00e9se \u00e9s \u00e9rt\u00e9kel\u00e9se. Megrendel\u0151: Minisztereln\u00f6ki Hivatal. EKO\u201921 Bt. 41 oldal<\/p>\n<p><u>Kov\u00e1cs, Gy<\/u> (2002): A b\u0151si v\u00edzl\u00e9pcs\u0151 k\u00f6rnyezeti hat\u00e1sainak egyes vonatkoz\u00e1sai. II. r\u00e9sz A szigetk\u00f6zi monitoring \u00e9rt\u00e9kel\u0151 \u00e1ttekint\u00e9se a m\u00f3dszertan, a szervez\u00e9s, a finansz\u00edroz\u00e1s \u00e9s az eredm\u00e9nyek hasznos\u00edthat\u00f3s\u00e1ga szempontj\u00e1b\u00f3l. Megrendel\u0151: Minisztereln\u00f6ki Hivatal. EKO\u201921 Bt. 147 oldal<\/p>\n<p><u>Kov\u00e1cs, Gy<\/u> (2002): A b\u0151si v\u00edzl\u00e9pcs\u0151 k\u00f6rnyezeti hat\u00e1sainak egyes vonatkoz\u00e1sai. III. r\u00e9sz \u00c1ttekint\u00e9s a szlov\u00e1k \u00e9s a nemzetk\u00f6zi szakirodalomban megjelent tudom\u00e1nyos cikkekr\u0151l. Jav\u00edtott \u00e9s b\u0151v\u00edtett v\u00e1ltozat. Megrendel\u0151: Minisztereln\u00f6ki Hivatal. EKO\u201921 Bt. 63 oldal<\/p>\n<p><u>Kov\u00e1cs Gy.<\/u> (2003): A \u201eB\u0151s \u2013 Nagymarosi V\u00edzl\u00e9pcs\u0151\u201d \u00fcgy\u00e9nek jelenlegi helyzete. Megrendel\u0151: Minisztereln\u00f6ki Hivatal. EKO\u201921 Consulting. 440 oldal.<\/p>\n<p>Kov\u00e1cs Gy. (2004): \u00c9rt\u00e9kel\u0151 elemz\u00e9s a 2003. augusztus 27-\u00e9n \u201eA Szlov\u00e1k K\u00f6zt\u00e1rsas\u00e1g korm\u00e1nydeleg\u00e1ci\u00f3j\u00e1nak komplex nyilatkozata\u201d c\u00edmmel \u00e1tadott dokumentumr\u00f3l \u00e9s javaslat a magyar \u00e1ll\u00e1spont kialak\u00edt\u00e1s\u00e1ra. EKO\u201921 Bt. 34 oldal.<\/p>\n<h4><\/h4>\n<h4>EGYETEMI JEGYZETEK<\/h4>\n<p><u>Kov\u00e1cs, Gy.<\/u>(1978): Anyag\u2011 \u00e9s energiaforgalom. 60\u201175. Vadty\u00fakf\u00e9l\u00e9k rendszerez\u00e9se. 233\u2011276. <em>In: Vad\u00e1szati \u00c1llattan. I.Madarak. (Szerk.: Nagy,E.) Agr\u00e1rtudom\u00e1nyi Egyetem, G\u00f6d\u00f6ll\u0151.<\/em><\/p>\n<p><u>Kov\u00e1cs, Gy.<\/u>(1979): K\u00fcllemi saj\u00e1toss\u00e1gok, a k\u00fcltakar\u00f3 \u00e9s f\u00fcggel\u00e9keinek funkcion\u00e1lis anat\u00f3mi\u00e1ja \u00e9s \u00e9lettana. 9\u201148., Anyagforgalmi szervek anat\u00f3mi\u00e1ja \u00e9s \u00e9lettana. 73\u201194., Szaporod\u00e1sbiol\u00f3giai ismeretek. 98\u2011114., Ny\u00falf\u00e9l\u00e9k (Leporidae) csal\u00e1dja. 254\u2011293.<em> In: Vad\u00e1szati \u00c1llattan. II.Eml\u0151s\u00f6k. (Szerk.:Sz\u00e9ky,P.). Agr\u00e1rtudom\u00e1nyi Egyetem, G\u00f6d\u00f6ll\u0151.<\/em><\/p>\n<p><u>Kov\u00e1cs, Gy.<\/u>(1979): A mezei ny\u00fal z\u00e1rtt\u00e9ri teny\u00e9szt\u00e9se. 261\u2011295. <em>In: Apr\u00f3vadteny\u00e9szt\u00e9s (Szerk.: Nagy,E.). Agr\u00e1rtudom\u00e1nyi Egyetem, G\u00f6d\u00f6ll\u0151.<\/em><\/p>\n<p><u>Kov\u00e1cs, Gy.<\/u>(1995): Botanikuskertek \u00e9s \u00e1llatkertek szerepe a biodiversit\u00e1s fenntart\u00e1s\u00e1ban. 93-112. <em>In: Term\u00e9szet -\u00e9s t\u00e1jv\u00e9delem. (Szerk.: Kov\u00e1cs, M \u00e9s Kiss ,I). G\u00f6d\u00f6ll\u0151i Agr\u00e1rtudom\u00e1nyi Egyetem, K\u00f6rnyezet -\u00e9s T\u00e1jgazd\u00e1lkod\u00e1si Int\u00e9zet.<\/em><\/p>\n<h4><\/h4>\n<h4>EL\u0150AD\u00c1SOK<\/h4>\n<p><u>Kov\u00e1cs, Gy.<\/u>\u00e9s Heltay, I.(1978): A mezei ny\u00fal \u00e1llom\u00e1nyszab\u00e1lyoz\u00e1s \u00faj m\u00f3dszer\u00e9nek \u00fczemi tapasztalatai. Erd\u00e9szeti \u00e9s Faipari tudom\u00e1nyos \u00fcl\u00e9s. M\u00e1rcius 8\u20119. Budapest.<\/p>\n<p><u>Kov\u00e1cs, G,<\/u>(1978): A study of hare population biology to evaluate the optimum exploitation in a given area. IInd Int. Theriological Congress. 20\u201127 June. Brno.<\/p>\n<p>B\u00e1rdos, L. \u00e9s <u>Kov\u00e1cs, G.<\/u>(1978): Changes of blood parameters during the antler cycle in roe buck. IInd Int. Theriological Congress. 20\u201127 June. Brno.<\/p>\n<p><u>Kov\u00e1cs, G.<\/u> and Heltay, I.(1979): Study of a European hare population mosaic in the Hungarian lowland. World Lagomorph Conference. University of Guelph, Ontario, Canada. August 13\u201117.<\/p>\n<p><u>Kov\u00e1cs, Gy.<\/u>(1979): Egy hipot\u00e9zis a mezei \u0151zek kialakul\u00e1s\u00e1ra. Vadgazd\u00e1lkod\u00e1si Tudom\u00e1nyos Konferencia. Soproni Erd\u00e9szeti \u00e9s Faipari Egyetem. J\u00fanius 25\u201126., Sopron.<\/p>\n<p><u>Kov\u00e1cs, Gy.<\/u>\u00e9s \u00d6cs\u00e9nyi, M.(1980): Egy mezei ny\u00fal popul\u00e1ci\u00f3 koreloszl\u00e1s\u00e1nak meghat\u00e1roz\u00e1sa az \u00e1llkapocs perioszt\u00e1lis n\u00f6veked\u00e9se alapj\u00e1n. Erd\u00e9szeti \u00e9s Faipari Tudom\u00e1nyos \u00dcl\u00e9s. MTA Febru\u00e1r 27.<\/p>\n<p><u>Kov\u00e1cs, Gy.<\/u>(1980): Az erd\u0151n \u00e9s mez\u0151n \u00e9l\u0151 \u0151zpopul\u00e1ci\u00f3k \u00f6sszehasonl\u00edt\u00e1sa az agancs alapj\u00e1n. Erd\u00e9szeti \u00e9s Faipari Tudom\u00e1nyos \u00dcl\u00e9s. MTA Febru\u00e1r 27.<\/p>\n<p><u>Kov\u00e1cs,G.<\/u>(1981): Age structure and survival of a European hare population. Symposium &#8222;Wildlife and the Environment&#8221;. World Hunting Exposition. Bulgaria &#8217;81. 22\u201127 June.<\/p>\n<p><u>Kov\u00e1cs, Gy.<\/u>(1982): A mezei ny\u00fal szaporod\u00e1s\u00e1r\u00f3l. Erd\u00e9szeti \u00e9s Faipari Tudom\u00e1nyos \u00dcl\u00e9s. MTA Febru\u00e1r 24\u201125.<\/p>\n<p>Caillol,M., Martinet,L. \u00e9s <u>Kov\u00e1cs,G.<\/u>(1982): Luteotriphic and luteolytic factors in the pseudopregnant hare (Lepus europaeus). Symposium &#8222;Reproduction and Fertility&#8221;. December.Cambridge.<\/p>\n<p><u>Kov\u00e1cs, G.<\/u>(1983): Survival pattern in the adult European hares. IIIrd Int.Theriological Congress. Helsinki, 15\u201120 August. University of Helsinki.<\/p>\n<p><u>Kov\u00e1cs, G.<\/u>(1982): On the strategy of field Roe deer: a speculative view. Roe deer Symposium. Altenfelden. 14\u201115.<\/p>\n<p><u>Kov\u00e1cs, G.<\/u>(1983): Variability of fecundity rates in a population of European hare. XVIth Int. Congress of Game Biologists. 25 September \u2011 2 October, Vysoke Tatry, Strebsk\u00e9 Pleso,Czekoslovakia<\/p>\n<p><u>Kov\u00e1cs, G.<\/u>(1985): La base \u00e9cologique de la gestion des populations de li\u00e8vre. L&#8217;ambiente, la Fauna, la Caccia. Simposio Internationale, Roma 11\/12 gennaio, 1985.<\/p>\n<p>Nikod\u00e9musz, E., <u>Kov\u00e1cs, G.<\/u> \u00e9s Vet\u00e9si, F.(1985): On the pathology of the female reproductive tract in the European hare. Proc. XVIIth Congress of IUGB. Brussels, September 17\u201121.<\/p>\n<p><u>Kov\u00e1cs, Gy.<\/u> \u00e9s B\u00faza, Cs.(1987): R\u00e1di\u00f3s nyomk\u00f6vet\u00e9s: r\u00f3kavad\u00e1szat mezei ny\u00falra. MBT \u00c1llattani Szakoszt\u00e1ly 777. el\u0151ad\u00f3\u00fcl\u00e9se<\/p>\n<p><u>Kov\u00e1cs, G.<\/u> and B\u00faza, Cs.(1987): Home\u2011range size of the Brown hare in Hungary. XVIIIth Congress of IUGB. Krakow, 23\u201129 August.<\/p>\n<p><u>Kov\u00e1cs, Gy.<\/u> \u00e9s B\u00faza, Cs.(1988): A mezei ny\u00fal mozg\u00e1sk\u00f6rzet\u00e9nek t\u00e9rbeli elhelyezked\u00e9se \u00e9s nagys\u00e1ga egy mozaikszer\u0171 \u00e9s egy nagyt\u00e1bl\u00e1s mez\u0151gazdas\u00e1gi \u00e9l\u0151helyen. I. Magyar \u00d6kol\u00f3gus Kongresszus. MTA, Budapest, \u00e1prilis 27\u201129.<\/p>\n<p><u>Kov\u00e1cs, Gy.<\/u> \u00e9s Demeter, A.(1988): A mezei ny\u00fal (Lepus europaeus) egyedsz\u00e1m fluktu\u00e1ci\u00f3ja Magyarorsz\u00e1gon. I. Magyar \u00d6kol\u00f3gus Kongresszus. MTA, Budapest, \u00e1prilis 27\u201129.<\/p>\n<p><u>Kov\u00e1cs, G.<\/u>(1989): Ecology and dynamics of the Brown hare populations in Hungary. XIXth IUGB Congress, Trondheim, 8-13 September.<\/p>\n<p><u>Kov\u00e1cs, Gy.<\/u>(1991): Vadbiol\u00f3gia \u00e9s a popul\u00e1ci\u00f3\u00f6kol\u00f3gia. II. Magyar \u00d6kol\u00f3gus Kongresszus. Keszthely, j\u00falius 5-7.<\/p>\n<p><u>Kov\u00e1cs, Gy.<\/u>(1991): Az \u00e1llatkertek szerepe a konzerv\u00e1ci\u00f3biol\u00f3gi\u00e1ban. II. Magyar \u00d6kol\u00f3gus Kongresszus. Keszthely. j\u00falius 5-7.<\/p>\n<p><u>Kov\u00e1cs, G.<\/u>(1991): Reliability of the cementum annuli count and the hunter&#8217;s age determination in the roe deer. XXth Congress of the IUGB. August 21-26, G\u00f6d\u00f6ll\u0151.<\/p>\n<p><u>Kov\u00e1cs, G.<\/u>(1991): Convenor&#8217;s report on the Section of Phisiology, Reproduction, and Ethology of different Game Species of the XXth Congress of IUGB. August 21-28, G\u00f6d\u00f6ll\u00c5.<\/p>\n<p>B\u00e1rdos, L., <u>Kov\u00e1cs, Gy.<\/u> \u00e9s M\u00f6dlinger, P.(1991): Retinoid transzport jellegzetess\u00e9gei madarakban. El\u0151zetes vizsg\u00e1latok. MTA \u00c1llatorvostudom\u00e1nyi Bizotts\u00e1ga. Budapest. 18. 4.<\/p>\n<p>T\u00f3th,P., <u>Kov\u00e1cs, Gy.<\/u> (1992): Magatart\u00e1s vizsg\u00e1latok Rhesus majmokon (Macaca mulatta). VI. Magyar Etol\u00f3giai Konferencia. november 6-8., Visegr\u00e1d<u>\u00a0<\/u><\/p>\n<p><u>Kov\u00e1cs, Gy.<\/u>(1993): Az \u00e1llatkertek j\u00f6v\u0151je: lehet\u0151s\u00e9gek \u00e9s korl\u00e1tok. Kult\u00fara a j\u00f6v\u0151 piacgazdas\u00e1g\u00e1ban Orsz\u00e1gos Konferencia. \u00e1prilis 21-23., P\u00e9cs.<\/p>\n<p><u>Kov\u00e1cs,<\/u> G., Demeter, D. and Heltay, I. (1993): Field trials of aerial line transect methodology for estimating large mammal density in Hungary. 6th International Theriological Congress., 4 &#8211; 10 July., University of New South Wales, Sydney, Australia.<\/p>\n<p><u>Kov\u00e1cs, Gy.<\/u>(1994): Az \u00e1llatkertek term\u00e9szetmeg\u0151rz\u00e9si vil\u00e1gstrat\u00e9gi\u00e1ja. MBT \u00c1llattani Szakoszt\u00e1ly\u00e1nak m\u00e1jus 4 -i el\u0151ad\u00f3\u00fcl\u00e9se.<\/p>\n<p><u>Kov\u00e1cs, G. Demeter, A. and Heltay, I. <\/u>(1995): Model selection, precision, and group size bias in aerial line transect censuses of large ungulates in Hungary. 7<sup>th<\/sup>. European Ecological Congress, Budapest, August 20-25, 1995.<\/p>\n<p><u>Kov\u00e1cs,G<\/u>., Demeter,A. And Heltay,I. (1996): The applicability of aerial line transect methodology for estimation of ungulate population densities in Hungary. International Conference on the Sustainable Use of Biological Resources. Budapest, Hungary. August 26-29, 1996<\/p>","protected":false},"excerpt":{"rendered":"<p>TUDOM\u00c1NYOS PUBLIK\u00c1CI\u00d3K Kov\u00e1cs, Gy., Nagy, E. \u00e9s Pusk\u00e1s, I.(1977): A f\u00e1c\u00e1n (Phasianus colchicus, L) posztembrion\u00e1lis tolln\u00f6veked\u00e9s\u00e9nek \u00e9s adultkori tollazat\u00e1nak vizsg\u00e1lata. Vadbiol\u00f3giai Kutat\u00e1s. 21:6\u201115. Heltay, I. \u00e9s Kov\u00e1cs, Gy.(1978): Javaslat a tervszer\u0171 mezei ny\u00fal gazd\u00e1lkod\u00e1s orsz\u00e1gos kiterjeszt\u00e9s\u00e9re. Vadbiol\u00f3giai Kutat\u00e1s. 20:26\u201129. B\u00e1rdos, L. \u00e9s Kov\u00e1cs, Gy.(1978): Az \u00f6z (Capreolus capreolus, L) agancsfejl\u0151d\u00e9s\u00e9vel kapcsolatos vizsg\u00e1latok, k\u00fcl\u00f6n\u00f6s tekintettel egyes&hellip; <a class=\"more-link\" href=\"https:\/\/kovacsgyorgy.eu\/?page_id=120\"><span class=\"screen-reader-text\">Publik\u00e1ci\u00f3k<\/span> olvas\u00e1s\u00e1nak folytat\u00e1sa<\/a><\/p>\n","protected":false},"author":1,"featured_media":0,"parent":0,"menu_order":0,"comment_status":"closed","ping_status":"closed","template":"","meta":{"footnotes":""},"class_list":["post-120","page","type-page","status-publish","hentry","entry"],"_links":{"self":[{"href":"https:\/\/kovacsgyorgy.eu\/index.php?rest_route=\/wp\/v2\/pages\/120","targetHints":{"allow":["GET"]}}],"collection":[{"href":"https:\/\/kovacsgyorgy.eu\/index.php?rest_route=\/wp\/v2\/pages"}],"about":[{"href":"https:\/\/kovacsgyorgy.eu\/index.php?rest_route=\/wp\/v2\/types\/page"}],"author":[{"embeddable":true,"href":"https:\/\/kovacsgyorgy.eu\/index.php?rest_route=\/wp\/v2\/users\/1"}],"replies":[{"embeddable":true,"href":"https:\/\/kovacsgyorgy.eu\/index.php?rest_route=%2Fwp%2Fv2%2Fcomments&post=120"}],"version-history":[{"count":10,"href":"https:\/\/kovacsgyorgy.eu\/index.php?rest_route=\/wp\/v2\/pages\/120\/revisions"}],"predecessor-version":[{"id":477,"href":"https:\/\/kovacsgyorgy.eu\/index.php?rest_route=\/wp\/v2\/pages\/120\/revisions\/477"}],"wp:attachment":[{"href":"https:\/\/kovacsgyorgy.eu\/index.php?rest_route=%2Fwp%2Fv2%2Fmedia&parent=120"}],"curies":[{"name":"wp","href":"https:\/\/api.w.org\/{rel}","templated":true}]}}